{"id":33536,"date":"2020-03-13T11:59:29","date_gmt":"2020-03-13T10:59:29","guid":{"rendered":"https:\/\/ecoledelangues.be\/skype-tutoriel\/"},"modified":"2020-03-13T11:59:29","modified_gmt":"2020-03-13T10:59:29","slug":"skype-tutoriel","status":"publish","type":"page","link":"https:\/\/ecoledelangues.be\/nl\/skype-tutoriel\/","title":{"rendered":"Comment cr\u00e9er une r\u00e9union Skype &#8211; Tutoriel"},"content":{"rendered":"<div class=\"secton_make\">\n<h1><strong><span class=\"goog-text-highlight\">Qu&#8217;est-ce que <\/span><span class=\"goog-text-highlight\">&#8220;Conf\u00e9rence maintenant&#8221;<\/span><\/strong><\/h1>\n<p>La fonctionnalit\u00e9 Conf\u00e9rence maintenant de Skype vous permet de configurer ais\u00e9ment un espace de collaboration et d\u2019inviter des contacts Skype, des personnes ou vos \u00e9l\u00e8ves, que ceux-ci soient sur Skype ou non. Les participants peuvent alors ais\u00e9ment participer \u00e0 des r\u00e9unions, qu\u2019ils aient ou non un compte.<\/p>\n<p class=\"\">\n<\/div>\n<div class=\"secton_make\">\n<h3>Vous n&#8217;avez pas Skype ? Rien de plus simple !<\/h3>\n<p>Vous pouvez \u00e9galement cr\u00e9er une r\u00e9union <a href=\"https:\/\/www.skype.com\/go\/meetnow.web\" target=\"_blank\" data-bi-area=\"section: article content\" data-bi-name=\"www.skype.com\/go\/meetnow.web\" data-bi-id=\"www.skype.com\/go\/meetnow.web\" rel=\"noopener noreferrer\">directement \u00e0 partir du web<\/a>.<\/p>\n<p align=\"center\"><a href=\"https:\/\/www.skype.com\/fr\/free-conference-call\/\">https:\/\/www.skype.com\/fr\/free-conference-call\/<\/a><\/p>\n<\/div>\n<div class=\"secton_make\">\n<h3>Avez vous Skype ?<\/h3>\n<p>Il est aussi simple de d\u00e9marrer votre r\u00e9union que de vous connecter \u00e0 Skype et de s\u00e9lectionner le bouton <strong>Conf\u00e9rence maintenant<\/strong> &nbsp;<img class=\"lazyload\" decoding=\"async\" alt=\"universal Meet Now button\" src=\"data:image\/gif;base64,R0lGODlhAQABAAAAACH5BAEKAAEALAAAAAABAAEAAAICTAEAOw==\" data-orig-src=\"https:\/\/az705183.vo.msecnd.net\/onlinesupportmedia\/onlinesupport\/media\/skype\/fa300xx\/fa34926_meet_now_button.jpg\"\/>.<\/p>\n<p class=\"\">\n<p>Vous recevrez un lien d\u2019appel et un bouton <strong>Partager l&#8217;invitation<\/strong> pour inviter facilement d\u2019autres personnes.<\/p>\n<p class=\"\">\n<p>Une fois que vous \u00eates pr\u00eat(e), configurez votre appel sur audio ou vid\u00e9o, puis s\u00e9lectionnez le bouton <strong>D\u00e9marrer l\u2019appel<\/strong>.<\/p>\n<p class=\"\">\n<p><img class=\"lazyload\" decoding=\"async\" src=\"data:image\/gif;base64,R0lGODlhAQABAAAAACH5BAEKAAEALAAAAAABAAEAAAICTAEAOw==\" data-orig-src=\"https:\/\/ecoledelangues.be\/wp-content\/uploads\/2020\/03\/create_meetnow3.gif\" alt=\"create skype meeting\"\/><\/p>\n<\/div>\n<div class=\"secton_make\"><\/div>\n","protected":false},"excerpt":{"rendered":"<p>Qu&#8217;est-ce que &#8220;Conf\u00e9rence maintenant&#8221; La fonctionnalit\u00e9 Conf\u00e9rence maintenant de Skype vous permet de configurer ais\u00e9ment un espace de collaboration et d\u2019inviter des contacts Skype, des personnes   [&#8230;]<\/p>\n","protected":false},"author":3,"featured_media":0,"parent":0,"menu_order":0,"comment_status":"closed","ping_status":"closed","template":"","meta":{"footnotes":""},"class_list":["post-33536","page","type-page","status-publish","hentry"],"yoast_head":"<!-- This site is optimized with the Yoast SEO plugin v27.5 - https:\/\/yoast.com\/product\/yoast-seo-wordpress\/ -->\n<title>Comment cr\u00e9er une r\u00e9union Skype - Tutoriel - EcoleDeLangues.be<\/title>\n<meta name=\"robots\" content=\"index, follow, max-snippet:-1, max-image-preview:large, max-video-preview:-1\" \/>\n<link rel=\"canonical\" href=\"https:\/\/ecoledelangues.be\/nl\/skype-tutoriel\/\" \/>\n<meta property=\"og:locale\" content=\"nl_NL\" \/>\n<meta property=\"og:type\" content=\"article\" \/>\n<meta property=\"og:title\" content=\"Comment cr\u00e9er une r\u00e9union Skype - Tutoriel - EcoleDeLangues.be\" \/>\n<meta property=\"og:description\" content=\"Qu&#8217;est-ce que &#8220;Conf\u00e9rence maintenant&#8221; La fonctionnalit\u00e9 Conf\u00e9rence maintenant de Skype vous permet de configurer ais\u00e9ment un espace de collaboration et d\u2019inviter des contacts Skype, des personnes  [...]\" \/>\n<meta property=\"og:url\" content=\"https:\/\/ecoledelangues.be\/nl\/skype-tutoriel\/\" \/>\n<meta property=\"og:site_name\" content=\"EcoleDeLangues.be\" \/>\n<meta property=\"article:publisher\" content=\"https:\/\/www.facebook.com\/Ecoledelanguesbe\/\" \/>\n<meta property=\"og:image\" content=\"https:\/\/az705183.vo.msecnd.net\/onlinesupportmedia\/onlinesupport\/media\/skype\/fa300xx\/fa34926_meet_now_button.jpg\" \/>\n<meta name=\"twitter:card\" content=\"summary_large_image\" \/>\n<meta name=\"twitter:label1\" content=\"Geschatte leestijd\" \/>\n\t<meta name=\"twitter:data1\" content=\"1 minuut\" \/>\n<script type=\"application\/ld+json\" class=\"yoast-schema-graph\">{\"@context\":\"https:\\\/\\\/schema.org\",\"@graph\":[{\"@type\":\"WebPage\",\"@id\":\"https:\\\/\\\/ecoledelangues.be\\\/nl\\\/skype-tutoriel\\\/\",\"url\":\"https:\\\/\\\/ecoledelangues.be\\\/nl\\\/skype-tutoriel\\\/\",\"name\":\"Comment cr\u00e9er une r\u00e9union Skype - Tutoriel - EcoleDeLangues.be\",\"isPartOf\":{\"@id\":\"https:\\\/\\\/ecoledelangues.be\\\/nl\\\/#website\"},\"primaryImageOfPage\":{\"@id\":\"https:\\\/\\\/ecoledelangues.be\\\/nl\\\/skype-tutoriel\\\/#primaryimage\"},\"image\":{\"@id\":\"https:\\\/\\\/ecoledelangues.be\\\/nl\\\/skype-tutoriel\\\/#primaryimage\"},\"thumbnailUrl\":\"https:\\\/\\\/az705183.vo.msecnd.net\\\/onlinesupportmedia\\\/onlinesupport\\\/media\\\/skype\\\/fa300xx\\\/fa34926_meet_now_button.jpg\",\"datePublished\":\"2020-03-13T10:59:29+00:00\",\"breadcrumb\":{\"@id\":\"https:\\\/\\\/ecoledelangues.be\\\/nl\\\/skype-tutoriel\\\/#breadcrumb\"},\"inLanguage\":\"nl-NL\",\"potentialAction\":[{\"@type\":\"ReadAction\",\"target\":[\"https:\\\/\\\/ecoledelangues.be\\\/nl\\\/skype-tutoriel\\\/\"]}]},{\"@type\":\"ImageObject\",\"inLanguage\":\"nl-NL\",\"@id\":\"https:\\\/\\\/ecoledelangues.be\\\/nl\\\/skype-tutoriel\\\/#primaryimage\",\"url\":\"https:\\\/\\\/az705183.vo.msecnd.net\\\/onlinesupportmedia\\\/onlinesupport\\\/media\\\/skype\\\/fa300xx\\\/fa34926_meet_now_button.jpg\",\"contentUrl\":\"https:\\\/\\\/az705183.vo.msecnd.net\\\/onlinesupportmedia\\\/onlinesupport\\\/media\\\/skype\\\/fa300xx\\\/fa34926_meet_now_button.jpg\"},{\"@type\":\"BreadcrumbList\",\"@id\":\"https:\\\/\\\/ecoledelangues.be\\\/nl\\\/skype-tutoriel\\\/#breadcrumb\",\"itemListElement\":[{\"@type\":\"ListItem\",\"position\":1,\"name\":\"Home\",\"item\":\"https:\\\/\\\/ecoledelangues.be\\\/nl\\\/\"},{\"@type\":\"ListItem\",\"position\":2,\"name\":\"Comment cr\u00e9er une r\u00e9union Skype &#8211; Tutoriel\"}]},{\"@type\":\"WebSite\",\"@id\":\"https:\\\/\\\/ecoledelangues.be\\\/nl\\\/#website\",\"url\":\"https:\\\/\\\/ecoledelangues.be\\\/nl\\\/\",\"name\":\"EcoleDeLangues.be\",\"description\":\"Ecole de langues - cours pour enfants ados et adultes - fran\u00e7ais anglais n\u00e9erlandais\",\"publisher\":{\"@id\":\"https:\\\/\\\/ecoledelangues.be\\\/nl\\\/#organization\"},\"potentialAction\":[{\"@type\":\"SearchAction\",\"target\":{\"@type\":\"EntryPoint\",\"urlTemplate\":\"https:\\\/\\\/ecoledelangues.be\\\/nl\\\/?s={search_term_string}\"},\"query-input\":{\"@type\":\"PropertyValueSpecification\",\"valueRequired\":true,\"valueName\":\"search_term_string\"}}],\"inLanguage\":\"nl-NL\"},{\"@type\":\"Organization\",\"@id\":\"https:\\\/\\\/ecoledelangues.be\\\/nl\\\/#organization\",\"name\":\"Ecoledelangues.be\",\"alternateName\":\"Propulse ASBL\",\"url\":\"https:\\\/\\\/ecoledelangues.be\\\/nl\\\/\",\"logo\":{\"@type\":\"ImageObject\",\"inLanguage\":\"nl-NL\",\"@id\":\"https:\\\/\\\/ecoledelangues.be\\\/nl\\\/#\\\/schema\\\/logo\\\/image\\\/\",\"url\":\"https:\\\/\\\/ecoledelangues.be\\\/wp-content\\\/uploads\\\/2025\\\/04\\\/une-monggolfiere-qui-seleve-dans-le-ciel-qui-quitte-le-sol-couleur-du-ballon-_-orange-ff6e22-et-3cccd6-et-blanc-1.jpg\",\"contentUrl\":\"https:\\\/\\\/ecoledelangues.be\\\/wp-content\\\/uploads\\\/2025\\\/04\\\/une-monggolfiere-qui-seleve-dans-le-ciel-qui-quitte-le-sol-couleur-du-ballon-_-orange-ff6e22-et-3cccd6-et-blanc-1.jpg\",\"width\":1472,\"height\":832,\"caption\":\"Ecoledelangues.be\"},\"image\":{\"@id\":\"https:\\\/\\\/ecoledelangues.be\\\/nl\\\/#\\\/schema\\\/logo\\\/image\\\/\"},\"sameAs\":[\"https:\\\/\\\/www.facebook.com\\\/Ecoledelanguesbe\\\/\",\"https:\\\/\\\/www.instagram.com\\\/ecoledelanguesbe\\\/\",\"https:\\\/\\\/www.linkedin.com\\\/company\\\/ecoledelangues-be\\\/\",\"https:\\\/\\\/www.youtube.com\\\/channel\\\/UCCDb1VptuozMO6q9MqgltPg\"]}]}<\/script>\n<!-- \/ Yoast SEO plugin. -->","yoast_head_json":{"title":"Comment cr\u00e9er une r\u00e9union Skype - Tutoriel - EcoleDeLangues.be","robots":{"index":"index","follow":"follow","max-snippet":"max-snippet:-1","max-image-preview":"max-image-preview:large","max-video-preview":"max-video-preview:-1"},"canonical":"https:\/\/ecoledelangues.be\/nl\/skype-tutoriel\/","og_locale":"nl_NL","og_type":"article","og_title":"Comment cr\u00e9er une r\u00e9union Skype - Tutoriel - EcoleDeLangues.be","og_description":"Qu&#8217;est-ce que &#8220;Conf\u00e9rence maintenant&#8221; La fonctionnalit\u00e9 Conf\u00e9rence maintenant de Skype vous permet de configurer ais\u00e9ment un espace de collaboration et d\u2019inviter des contacts Skype, des personnes  [...]","og_url":"https:\/\/ecoledelangues.be\/nl\/skype-tutoriel\/","og_site_name":"EcoleDeLangues.be","article_publisher":"https:\/\/www.facebook.com\/Ecoledelanguesbe\/","og_image":[{"url":"https:\/\/az705183.vo.msecnd.net\/onlinesupportmedia\/onlinesupport\/media\/skype\/fa300xx\/fa34926_meet_now_button.jpg","type":"","width":"","height":""}],"twitter_card":"summary_large_image","twitter_misc":{"Geschatte leestijd":"1 minuut"},"schema":{"@context":"https:\/\/schema.org","@graph":[{"@type":"WebPage","@id":"https:\/\/ecoledelangues.be\/nl\/skype-tutoriel\/","url":"https:\/\/ecoledelangues.be\/nl\/skype-tutoriel\/","name":"Comment cr\u00e9er une r\u00e9union Skype - Tutoriel - EcoleDeLangues.be","isPartOf":{"@id":"https:\/\/ecoledelangues.be\/nl\/#website"},"primaryImageOfPage":{"@id":"https:\/\/ecoledelangues.be\/nl\/skype-tutoriel\/#primaryimage"},"image":{"@id":"https:\/\/ecoledelangues.be\/nl\/skype-tutoriel\/#primaryimage"},"thumbnailUrl":"https:\/\/az705183.vo.msecnd.net\/onlinesupportmedia\/onlinesupport\/media\/skype\/fa300xx\/fa34926_meet_now_button.jpg","datePublished":"2020-03-13T10:59:29+00:00","breadcrumb":{"@id":"https:\/\/ecoledelangues.be\/nl\/skype-tutoriel\/#breadcrumb"},"inLanguage":"nl-NL","potentialAction":[{"@type":"ReadAction","target":["https:\/\/ecoledelangues.be\/nl\/skype-tutoriel\/"]}]},{"@type":"ImageObject","inLanguage":"nl-NL","@id":"https:\/\/ecoledelangues.be\/nl\/skype-tutoriel\/#primaryimage","url":"https:\/\/az705183.vo.msecnd.net\/onlinesupportmedia\/onlinesupport\/media\/skype\/fa300xx\/fa34926_meet_now_button.jpg","contentUrl":"https:\/\/az705183.vo.msecnd.net\/onlinesupportmedia\/onlinesupport\/media\/skype\/fa300xx\/fa34926_meet_now_button.jpg"},{"@type":"BreadcrumbList","@id":"https:\/\/ecoledelangues.be\/nl\/skype-tutoriel\/#breadcrumb","itemListElement":[{"@type":"ListItem","position":1,"name":"Home","item":"https:\/\/ecoledelangues.be\/nl\/"},{"@type":"ListItem","position":2,"name":"Comment cr\u00e9er une r\u00e9union Skype &#8211; Tutoriel"}]},{"@type":"WebSite","@id":"https:\/\/ecoledelangues.be\/nl\/#website","url":"https:\/\/ecoledelangues.be\/nl\/","name":"EcoleDeLangues.be","description":"Ecole de langues - cours pour enfants ados et adultes - fran\u00e7ais anglais n\u00e9erlandais","publisher":{"@id":"https:\/\/ecoledelangues.be\/nl\/#organization"},"potentialAction":[{"@type":"SearchAction","target":{"@type":"EntryPoint","urlTemplate":"https:\/\/ecoledelangues.be\/nl\/?s={search_term_string}"},"query-input":{"@type":"PropertyValueSpecification","valueRequired":true,"valueName":"search_term_string"}}],"inLanguage":"nl-NL"},{"@type":"Organization","@id":"https:\/\/ecoledelangues.be\/nl\/#organization","name":"Ecoledelangues.be","alternateName":"Propulse ASBL","url":"https:\/\/ecoledelangues.be\/nl\/","logo":{"@type":"ImageObject","inLanguage":"nl-NL","@id":"https:\/\/ecoledelangues.be\/nl\/#\/schema\/logo\/image\/","url":"https:\/\/ecoledelangues.be\/wp-content\/uploads\/2025\/04\/une-monggolfiere-qui-seleve-dans-le-ciel-qui-quitte-le-sol-couleur-du-ballon-_-orange-ff6e22-et-3cccd6-et-blanc-1.jpg","contentUrl":"https:\/\/ecoledelangues.be\/wp-content\/uploads\/2025\/04\/une-monggolfiere-qui-seleve-dans-le-ciel-qui-quitte-le-sol-couleur-du-ballon-_-orange-ff6e22-et-3cccd6-et-blanc-1.jpg","width":1472,"height":832,"caption":"Ecoledelangues.be"},"image":{"@id":"https:\/\/ecoledelangues.be\/nl\/#\/schema\/logo\/image\/"},"sameAs":["https:\/\/www.facebook.com\/Ecoledelanguesbe\/","https:\/\/www.instagram.com\/ecoledelanguesbe\/","https:\/\/www.linkedin.com\/company\/ecoledelangues-be\/","https:\/\/www.youtube.com\/channel\/UCCDb1VptuozMO6q9MqgltPg"]}]}},"_links":{"self":[{"href":"https:\/\/ecoledelangues.be\/nl\/wp-json\/wp\/v2\/pages\/33536","targetHints":{"allow":["GET"]}}],"collection":[{"href":"https:\/\/ecoledelangues.be\/nl\/wp-json\/wp\/v2\/pages"}],"about":[{"href":"https:\/\/ecoledelangues.be\/nl\/wp-json\/wp\/v2\/types\/page"}],"author":[{"embeddable":true,"href":"https:\/\/ecoledelangues.be\/nl\/wp-json\/wp\/v2\/users\/3"}],"replies":[{"embeddable":true,"href":"https:\/\/ecoledelangues.be\/nl\/wp-json\/wp\/v2\/comments?post=33536"}],"version-history":[{"count":0,"href":"https:\/\/ecoledelangues.be\/nl\/wp-json\/wp\/v2\/pages\/33536\/revisions"}],"wp:attachment":[{"href":"https:\/\/ecoledelangues.be\/nl\/wp-json\/wp\/v2\/media?parent=33536"}],"curies":[{"name":"wp","href":"https:\/\/api.w.org\/{rel}","templated":true}]}}