{"id":7550,"date":"2016-06-24T15:19:21","date_gmt":"2016-06-24T14:19:21","guid":{"rendered":"https:\/\/ecoledelangues.be\/?page_id=7550\/"},"modified":"2017-07-13T10:39:17","modified_gmt":"2017-07-13T09:39:17","slug":"prof-de-langue","status":"publish","type":"page","link":"https:\/\/ecoledelangues.be\/fr\/prof-de-langue\/","title":{"rendered":"Un bon prof de langue"},"content":{"rendered":"<div class=\"secton_make\">\n<h1><strong>Les 13 caract\u00e9ristiques que partagent les professeurs de langue:<\/strong><\/h1>\n<\/div>\n<div class=\"secton_make\">\n<h2 style=\"text-align: center;\">&lsquo; Un bon professeur, c&rsquo;est une porte ouverte sur le monde&rsquo;<\/h2>\n<p>Un bon professeur sait \u00e9couter et se remettre en question. \u00a0Il garde en t\u00eate que chaque apprenant, et chaque groupe est diff\u00e9rent.<\/p>\n<p>Un bon professeur est empathique et sait se mettre \u00e0 la place des apprenants.<\/p>\n<p>Il est patient et n&rsquo;abandonne jamais. \u00a0Il met en place des strat\u00e9gies diff\u00e9rentes jusqu&rsquo;\u00e0 trouver celle qui fonctionne.<\/p>\n<p>Un professeur a de hautes ambitions pour ses apprenants. \u00a0Il met la barre aussi haut que possible. \u00a0Il les pousse \u00e0 exceller. \u00a0Il est aussi humain et respectueux de chacun.<\/p>\n<p>Il n&rsquo;a pas toujours un agenda fixe. \u00a0Il reste flexible. \u00a0Il peut r\u00e9agir et r\u00e9ajuster son programme en fonction des circonstances.<\/p>\n<p>Un bon professeur est organis\u00e9.<\/p>\n<p>Il a le sens de l&rsquo;humour. \u00a0Il l&rsquo;utilise pour briser la glace et donner cours dans une atmosph\u00e8re relax.<\/p>\n<p>Il est cr\u00e9atif et utilise cette qualit\u00e9 lorsqu&rsquo;il pr\u00e9pare ses cours. \u00a0Il donne envie \u00e0 ses \u00e9tudiants de conna\u00eetre la suite!<\/p>\n<p>Un bon professeur a une attitude positive.<\/p>\n<p>Il est joyeux, bon vivant.<\/p>\n<p>Pour finir, un bon professeur prend plaisir \u00e0 donner cours.<\/p>\n<h3><span style=\"color: #ff6600;\"><strong>Jamais il n&rsquo;imaginerait faire autre chose!<\/strong><\/span><\/h3>\n<\/div>\n<div class=\"secton_make\"><\/div>\n","protected":false},"excerpt":{"rendered":"<p>Les 13 caract\u00e9ristiques que partagent les professeurs de langue: &lsquo; Un bon professeur, c&rsquo;est une porte ouverte sur le monde&rsquo; Un bon professeur sait \u00e9couter et   [&#8230;]<\/p>\n","protected":false},"author":2,"featured_media":0,"parent":0,"menu_order":0,"comment_status":"closed","ping_status":"closed","template":"","meta":{"footnotes":""},"class_list":["post-7550","page","type-page","status-publish","hentry"],"yoast_head":"<!-- This site is optimized with the Yoast SEO plugin v27.3 - https:\/\/yoast.com\/product\/yoast-seo-wordpress\/ -->\n<title>Un bon prof de langue - EcoleDeLangues.be<\/title>\n<meta name=\"robots\" content=\"index, follow, max-snippet:-1, max-image-preview:large, max-video-preview:-1\" \/>\n<link rel=\"canonical\" href=\"https:\/\/ecoledelangues.be\/fr\/prof-de-langue\/\" \/>\n<meta property=\"og:locale\" content=\"fr_FR\" \/>\n<meta property=\"og:type\" content=\"article\" \/>\n<meta property=\"og:title\" content=\"Un bon prof de langue - EcoleDeLangues.be\" \/>\n<meta property=\"og:description\" content=\"Les 13 caract\u00e9ristiques que partagent les professeurs de langue: &lsquo; Un bon professeur, c&rsquo;est une porte ouverte sur le monde&rsquo; Un bon professeur sait \u00e9couter et  [...]\" \/>\n<meta property=\"og:url\" content=\"https:\/\/ecoledelangues.be\/fr\/prof-de-langue\/\" \/>\n<meta property=\"og:site_name\" content=\"EcoleDeLangues.be\" \/>\n<meta property=\"article:publisher\" content=\"https:\/\/www.facebook.com\/Ecoledelanguesbe\/\" \/>\n<meta property=\"article:modified_time\" content=\"2017-07-13T09:39:17+00:00\" \/>\n<meta property=\"og:image\" content=\"https:\/\/ecoledelangues.be\/wp-content\/uploads\/2025\/04\/une-monggolfiere-qui-seleve-dans-le-ciel-qui-quitte-le-sol-couleur-du-ballon-_-orange-ff6e22-et-3cccd6-et-blanc-1.jpg\" \/>\n\t<meta property=\"og:image:width\" content=\"1472\" \/>\n\t<meta property=\"og:image:height\" content=\"832\" \/>\n\t<meta property=\"og:image:type\" content=\"image\/jpeg\" \/>\n<meta name=\"twitter:card\" content=\"summary_large_image\" \/>\n<meta name=\"twitter:label1\" content=\"Dur\u00e9e de lecture estim\u00e9e\" \/>\n\t<meta name=\"twitter:data1\" content=\"1 minute\" \/>\n<script type=\"application\/ld+json\" class=\"yoast-schema-graph\">{\"@context\":\"https:\\\/\\\/schema.org\",\"@graph\":[{\"@type\":\"WebPage\",\"@id\":\"https:\\\/\\\/ecoledelangues.be\\\/fr\\\/prof-de-langue\\\/\",\"url\":\"https:\\\/\\\/ecoledelangues.be\\\/fr\\\/prof-de-langue\\\/\",\"name\":\"Un bon prof de langue - EcoleDeLangues.be\",\"isPartOf\":{\"@id\":\"https:\\\/\\\/ecoledelangues.be\\\/fr\\\/#website\"},\"datePublished\":\"2016-06-24T14:19:21+00:00\",\"dateModified\":\"2017-07-13T09:39:17+00:00\",\"breadcrumb\":{\"@id\":\"https:\\\/\\\/ecoledelangues.be\\\/fr\\\/prof-de-langue\\\/#breadcrumb\"},\"inLanguage\":\"fr-FR\",\"potentialAction\":[{\"@type\":\"ReadAction\",\"target\":[\"https:\\\/\\\/ecoledelangues.be\\\/fr\\\/prof-de-langue\\\/\"]}]},{\"@type\":\"BreadcrumbList\",\"@id\":\"https:\\\/\\\/ecoledelangues.be\\\/fr\\\/prof-de-langue\\\/#breadcrumb\",\"itemListElement\":[{\"@type\":\"ListItem\",\"position\":1,\"name\":\"Home\",\"item\":\"https:\\\/\\\/ecoledelangues.be\\\/fr\\\/\"},{\"@type\":\"ListItem\",\"position\":2,\"name\":\"Un bon prof de langue\"}]},{\"@type\":\"WebSite\",\"@id\":\"https:\\\/\\\/ecoledelangues.be\\\/fr\\\/#website\",\"url\":\"https:\\\/\\\/ecoledelangues.be\\\/fr\\\/\",\"name\":\"EcoleDeLangues.be\",\"description\":\"Ecole de langues - cours pour enfants ados et adultes - fran\u00e7ais anglais n\u00e9erlandais\",\"publisher\":{\"@id\":\"https:\\\/\\\/ecoledelangues.be\\\/fr\\\/#organization\"},\"potentialAction\":[{\"@type\":\"SearchAction\",\"target\":{\"@type\":\"EntryPoint\",\"urlTemplate\":\"https:\\\/\\\/ecoledelangues.be\\\/fr\\\/?s={search_term_string}\"},\"query-input\":{\"@type\":\"PropertyValueSpecification\",\"valueRequired\":true,\"valueName\":\"search_term_string\"}}],\"inLanguage\":\"fr-FR\"},{\"@type\":\"Organization\",\"@id\":\"https:\\\/\\\/ecoledelangues.be\\\/fr\\\/#organization\",\"name\":\"Ecoledelangues.be\",\"alternateName\":\"Propulse ASBL\",\"url\":\"https:\\\/\\\/ecoledelangues.be\\\/fr\\\/\",\"logo\":{\"@type\":\"ImageObject\",\"inLanguage\":\"fr-FR\",\"@id\":\"https:\\\/\\\/ecoledelangues.be\\\/fr\\\/#\\\/schema\\\/logo\\\/image\\\/\",\"url\":\"https:\\\/\\\/ecoledelangues.be\\\/wp-content\\\/uploads\\\/2025\\\/04\\\/une-monggolfiere-qui-seleve-dans-le-ciel-qui-quitte-le-sol-couleur-du-ballon-_-orange-ff6e22-et-3cccd6-et-blanc-1.jpg\",\"contentUrl\":\"https:\\\/\\\/ecoledelangues.be\\\/wp-content\\\/uploads\\\/2025\\\/04\\\/une-monggolfiere-qui-seleve-dans-le-ciel-qui-quitte-le-sol-couleur-du-ballon-_-orange-ff6e22-et-3cccd6-et-blanc-1.jpg\",\"width\":1472,\"height\":832,\"caption\":\"Ecoledelangues.be\"},\"image\":{\"@id\":\"https:\\\/\\\/ecoledelangues.be\\\/fr\\\/#\\\/schema\\\/logo\\\/image\\\/\"},\"sameAs\":[\"https:\\\/\\\/www.facebook.com\\\/Ecoledelanguesbe\\\/\",\"https:\\\/\\\/www.instagram.com\\\/ecoledelanguesbe\\\/\",\"https:\\\/\\\/www.linkedin.com\\\/company\\\/ecoledelangues-be\\\/\",\"https:\\\/\\\/www.youtube.com\\\/channel\\\/UCCDb1VptuozMO6q9MqgltPg\"]}]}<\/script>\n<!-- \/ Yoast SEO plugin. -->","yoast_head_json":{"title":"Un bon prof de langue - EcoleDeLangues.be","robots":{"index":"index","follow":"follow","max-snippet":"max-snippet:-1","max-image-preview":"max-image-preview:large","max-video-preview":"max-video-preview:-1"},"canonical":"https:\/\/ecoledelangues.be\/fr\/prof-de-langue\/","og_locale":"fr_FR","og_type":"article","og_title":"Un bon prof de langue - EcoleDeLangues.be","og_description":"Les 13 caract\u00e9ristiques que partagent les professeurs de langue: &lsquo; Un bon professeur, c&rsquo;est une porte ouverte sur le monde&rsquo; Un bon professeur sait \u00e9couter et  [...]","og_url":"https:\/\/ecoledelangues.be\/fr\/prof-de-langue\/","og_site_name":"EcoleDeLangues.be","article_publisher":"https:\/\/www.facebook.com\/Ecoledelanguesbe\/","article_modified_time":"2017-07-13T09:39:17+00:00","og_image":[{"width":1472,"height":832,"url":"https:\/\/ecoledelangues.be\/wp-content\/uploads\/2025\/04\/une-monggolfiere-qui-seleve-dans-le-ciel-qui-quitte-le-sol-couleur-du-ballon-_-orange-ff6e22-et-3cccd6-et-blanc-1.jpg","type":"image\/jpeg"}],"twitter_card":"summary_large_image","twitter_misc":{"Dur\u00e9e de lecture estim\u00e9e":"1 minute"},"schema":{"@context":"https:\/\/schema.org","@graph":[{"@type":"WebPage","@id":"https:\/\/ecoledelangues.be\/fr\/prof-de-langue\/","url":"https:\/\/ecoledelangues.be\/fr\/prof-de-langue\/","name":"Un bon prof de langue - EcoleDeLangues.be","isPartOf":{"@id":"https:\/\/ecoledelangues.be\/fr\/#website"},"datePublished":"2016-06-24T14:19:21+00:00","dateModified":"2017-07-13T09:39:17+00:00","breadcrumb":{"@id":"https:\/\/ecoledelangues.be\/fr\/prof-de-langue\/#breadcrumb"},"inLanguage":"fr-FR","potentialAction":[{"@type":"ReadAction","target":["https:\/\/ecoledelangues.be\/fr\/prof-de-langue\/"]}]},{"@type":"BreadcrumbList","@id":"https:\/\/ecoledelangues.be\/fr\/prof-de-langue\/#breadcrumb","itemListElement":[{"@type":"ListItem","position":1,"name":"Home","item":"https:\/\/ecoledelangues.be\/fr\/"},{"@type":"ListItem","position":2,"name":"Un bon prof de langue"}]},{"@type":"WebSite","@id":"https:\/\/ecoledelangues.be\/fr\/#website","url":"https:\/\/ecoledelangues.be\/fr\/","name":"EcoleDeLangues.be","description":"Ecole de langues - cours pour enfants ados et adultes - fran\u00e7ais anglais n\u00e9erlandais","publisher":{"@id":"https:\/\/ecoledelangues.be\/fr\/#organization"},"potentialAction":[{"@type":"SearchAction","target":{"@type":"EntryPoint","urlTemplate":"https:\/\/ecoledelangues.be\/fr\/?s={search_term_string}"},"query-input":{"@type":"PropertyValueSpecification","valueRequired":true,"valueName":"search_term_string"}}],"inLanguage":"fr-FR"},{"@type":"Organization","@id":"https:\/\/ecoledelangues.be\/fr\/#organization","name":"Ecoledelangues.be","alternateName":"Propulse ASBL","url":"https:\/\/ecoledelangues.be\/fr\/","logo":{"@type":"ImageObject","inLanguage":"fr-FR","@id":"https:\/\/ecoledelangues.be\/fr\/#\/schema\/logo\/image\/","url":"https:\/\/ecoledelangues.be\/wp-content\/uploads\/2025\/04\/une-monggolfiere-qui-seleve-dans-le-ciel-qui-quitte-le-sol-couleur-du-ballon-_-orange-ff6e22-et-3cccd6-et-blanc-1.jpg","contentUrl":"https:\/\/ecoledelangues.be\/wp-content\/uploads\/2025\/04\/une-monggolfiere-qui-seleve-dans-le-ciel-qui-quitte-le-sol-couleur-du-ballon-_-orange-ff6e22-et-3cccd6-et-blanc-1.jpg","width":1472,"height":832,"caption":"Ecoledelangues.be"},"image":{"@id":"https:\/\/ecoledelangues.be\/fr\/#\/schema\/logo\/image\/"},"sameAs":["https:\/\/www.facebook.com\/Ecoledelanguesbe\/","https:\/\/www.instagram.com\/ecoledelanguesbe\/","https:\/\/www.linkedin.com\/company\/ecoledelangues-be\/","https:\/\/www.youtube.com\/channel\/UCCDb1VptuozMO6q9MqgltPg"]}]}},"_links":{"self":[{"href":"https:\/\/ecoledelangues.be\/fr\/wp-json\/wp\/v2\/pages\/7550","targetHints":{"allow":["GET"]}}],"collection":[{"href":"https:\/\/ecoledelangues.be\/fr\/wp-json\/wp\/v2\/pages"}],"about":[{"href":"https:\/\/ecoledelangues.be\/fr\/wp-json\/wp\/v2\/types\/page"}],"author":[{"embeddable":true,"href":"https:\/\/ecoledelangues.be\/fr\/wp-json\/wp\/v2\/users\/2"}],"replies":[{"embeddable":true,"href":"https:\/\/ecoledelangues.be\/fr\/wp-json\/wp\/v2\/comments?post=7550"}],"version-history":[{"count":1,"href":"https:\/\/ecoledelangues.be\/fr\/wp-json\/wp\/v2\/pages\/7550\/revisions"}],"predecessor-version":[{"id":7551,"href":"https:\/\/ecoledelangues.be\/fr\/wp-json\/wp\/v2\/pages\/7550\/revisions\/7551"}],"wp:attachment":[{"href":"https:\/\/ecoledelangues.be\/fr\/wp-json\/wp\/v2\/media?parent=7550"}],"curies":[{"name":"wp","href":"https:\/\/api.w.org\/{rel}","templated":true}]}}