{"id":4023,"date":"2015-04-10T11:51:12","date_gmt":"2015-04-10T10:28:29","guid":{"rendered":"https:\/\/ecoledelangues.be\/?page_id=4023"},"modified":"2024-06-04T13:03:06","modified_gmt":"2024-06-04T13:03:06","slug":"pourquoi-apprendre-une-langue-etrangere","status":"publish","type":"page","link":"https:\/\/ecoledelangues.be\/fr\/pourquoi-apprendre-une-langue-etrangere\/","title":{"rendered":"Pourquoi apprendre une langue \u00e9trang\u00e8re?"},"content":{"rendered":"<p><div class=\"fusion-fullwidth fullwidth-box fusion-builder-row-1 nonhundred-percent-fullwidth non-hundred-percent-height-scrolling\" style=\"--awb-border-radius-top-left:0px;--awb-border-radius-top-right:0px;--awb-border-radius-bottom-right:0px;--awb-border-radius-bottom-left:0px;--awb-padding-top:22px;--awb-padding-bottom:32px;--awb-margin-top:0px;--awb-margin-bottom:0px;--awb-background-image:linear-gradient(180deg, rgba(0,120,147,0.74) 0%,rgba(255,255,255,0) 100%);--awb-flex-wrap:wrap;\" ><div class=\"fusion-builder-row fusion-row\"><div class=\"fusion-layout-column fusion_builder_column fusion-builder-column-0 fusion_builder_column_1_1 1_1 fusion-one-full fusion-column-first fusion-column-last\" style=\"--awb-bg-size:cover;\"><div class=\"fusion-column-wrapper fusion-column-has-shadow fusion-flex-column-wrapper-legacy\"><div class=\"fusion-title title fusion-title-1 fusion-sep-none fusion-title-text fusion-title-size-one fusion-animated\" style=\"--awb-margin-top:20px;--awb-margin-bottom:15px;--awb-margin-top-small:0px;--awb-margin-right-small:0px;--awb-margin-bottom-small:20px;--awb-margin-left-small:0px;\" data-animationType=\"slideInLeft\" data-animationDuration=\"0.4\" data-animationOffset=\"top-into-view\"><h1 class=\"fusion-title-heading title-heading-left fusion-responsive-typography-calculated\" style=\"font-family:&quot;Josefin Sans&quot;;font-style:normal;font-weight:400;margin:0;--fontSize:58;line-height:1;\"><h2><span style=\"color: #ffffff;\">Pourquoi apprendre une langue \u00e9trang\u00e8re?<\/span><\/h2><\/h1><\/div><div class=\"fusion-text fusion-text-1 fusion-animated\" data-animationType=\"fadeInLeft\" data-animationDuration=\"0.3\" data-animationOffset=\"top-into-view\"><h3 class=\"fusion-responsive-typography-calculated\" style=\"--fontsize: 22; line-height: 1.36;\" data-fontsize=\"22\" data-lineheight=\"29.92px\"><\/h3>\n<\/div><div class=\"fusion-clearfix\"><\/div><\/div><\/div><\/div><\/div><div class=\"fusion-fullwidth fullwidth-box fusion-builder-row-2 fusion-flex-container nonhundred-percent-fullwidth non-hundred-percent-height-scrolling\" style=\"--awb-border-radius-top-left:0px;--awb-border-radius-top-right:0px;--awb-border-radius-bottom-right:0px;--awb-border-radius-bottom-left:0px;--awb-flex-wrap:wrap;\" ><div class=\"fusion-builder-row fusion-row fusion-flex-align-items-flex-start fusion-flex-content-wrap\" style=\"max-width:1216.8px;margin-left: calc(-4% \/ 2 );margin-right: calc(-4% \/ 2 );\"><div class=\"fusion-layout-column fusion_builder_column fusion-builder-column-1 fusion_builder_column_1_1 1_1 fusion-flex-column\" style=\"--awb-bg-blend:overlay;--awb-bg-size:cover;--awb-width-large:100%;--awb-margin-top-large:0px;--awb-spacing-right-large:1.92%;--awb-margin-bottom-large:0px;--awb-spacing-left-large:1.92%;--awb-width-medium:100%;--awb-spacing-right-medium:1.92%;--awb-spacing-left-medium:1.92%;--awb-width-small:100%;--awb-spacing-right-small:1.92%;--awb-spacing-left-small:1.92%;\"><div class=\"fusion-column-wrapper fusion-flex-justify-content-flex-start fusion-content-layout-column\"><div class=\"fusion-text fusion-text-2\" style=\"--awb-text-transform:none;\"><h3 class=\"fusion-responsive-typography-calculated\" style=\"--fontsize: 22; line-height: 1.36;\" data-fontsize=\"22\" data-lineheight=\"29.92px\"><span style=\"color: var(--h4_typography-color); font-family: var(--h4_typography-font-family); font-size: var(--h4_typography-font-size); font-style: var(--h4_typography-font-style,normal); font-weight: var(--h4_typography-font-weight); letter-spacing: var(--h4_typography-letter-spacing); background-color: rgba(255, 255, 255, 0);\">Il y a de multiples raisons d\u2019apprendre une langue \u00e9trang\u00e8re\u2026 En voici quelques-unes. Mais peut-\u00eatre en avez-vous d\u2019autres ! Alors, partagez aussi votre exp\u00e9rience\u2026 Les commentaires sont plus que bienvenus !<\/span><\/h3>\n<\/div><div class=\"fusion-title title fusion-title-2 fusion-sep-none fusion-title-text fusion-title-size-one fusion-animated\" style=\"--awb-margin-top-small:0px;--awb-margin-right-small:0px;--awb-margin-bottom-small:20px;--awb-margin-left-small:0px;\" data-animationType=\"flash\" data-animationDuration=\"1.5\" data-animationOffset=\"top-into-view\"><h1 class=\"fusion-title-heading title-heading-left fusion-responsive-typography-calculated\" style=\"margin:0;--fontSize:58;line-height:0.83;\"><h3>Les raisons professionnelles!<\/h3><\/h1><\/div><div class=\"fusion-text fusion-text-3\" style=\"--awb-text-transform:none;\"><p style=\"padding-left: 60px;\">La connaissance des langues \u00e9trang\u00e8res, ce n\u2019est pas un secret, est un atout pour trouver un nouveau boulot et <strong>booster sa carri\u00e8re<\/strong> !<\/p>\n<p style=\"padding-left: 60px;\">Maitriser la langue de vos clients, coll\u00e8gues, interlocuteurs divers vous permettra de mieux n\u00e9gocier, de mieux expliquer, de mieux argumenter et, s\u00fbrement, d\u2019\u00e9viter de nombreuses incompr\u00e9hensions et frustrations !<\/p>\n<\/div><div class=\"fusion-title title fusion-title-3 fusion-sep-none fusion-title-text fusion-title-size-one fusion-animated\" style=\"--awb-margin-top-small:0px;--awb-margin-right-small:0px;--awb-margin-bottom-small:20px;--awb-margin-left-small:0px;\" data-animationType=\"flash\" data-animationDuration=\"1.5\" data-animationOffset=\"top-into-view\"><h1 class=\"fusion-title-heading title-heading-left fusion-responsive-typography-calculated\" style=\"margin:0;--fontSize:58;line-height:0.83;\"><h3 class=\"fusion-responsive-typography-calculated\" style=\"--fontsize: 12; line-height: 1.83; --minfontsize: 12;\" data-fontsize=\"12\" data-lineheight=\"21.96px\">Les raisons sociales !<\/h3><\/h1><\/div><div class=\"fusion-text fusion-text-4\" style=\"--awb-text-transform:none;\"><p style=\"padding-left: 60px;\">Vous \u00eates expat mais vous travaillez en anglais ? <strong>Apprendre la langue des autochtones<\/strong> sera \u00e0 coup s\u00fbr un avantage pour d\u00e9velopper votre vie sociale, pour vous faciliter la vie et l\u2019installation dans votre nouveau chez vous.<\/p>\n<p style=\"padding-left: 60px;\">Peut-\u00eatre \u00eates-vous mari\u00e9 ou en couple avec quelqu\u2019un parlant une autre langue que la v\u00f4tre ? Alors ce sera sans aucun doute un <strong>enrichissement<\/strong> que de pouvoir voir la vie \u00e0 travers d\u2019autres lunettes linguistiques. Apprendre une autre langue, c\u2019est aussi apprendre la culture de l\u2019autre, sa mani\u00e8re de voir les choses, de les comprendre, de r\u00e9agir\u2026<\/p>\n<\/div><div class=\"fusion-title title fusion-title-4 fusion-sep-none fusion-title-text fusion-title-size-one fusion-animated\" style=\"--awb-margin-top-small:0px;--awb-margin-right-small:0px;--awb-margin-bottom-small:20px;--awb-margin-left-small:0px;\" data-animationType=\"slideInLeft\" data-animationDuration=\"0.3\" data-animationOffset=\"top-into-view\"><h1 class=\"fusion-title-heading title-heading-left fusion-responsive-typography-calculated\" style=\"margin:0;--fontSize:58;line-height:0.83;\"><h3>Les raisons acad\u00e9miques!<\/h3><\/h1><\/div><div class=\"fusion-text fusion-text-5\" style=\"--awb-text-transform:none;\"><p style=\"padding-left: 60px;\">Vous faites de la recherche ? Conna\u00eetre l\u2019une ou l\u2019autre langue \u00e9trang\u00e8re vous ouvrira la porte de multiples <strong>sources de documentation<\/strong> auxquelles vous n\u2019auriez pas eu acc\u00e8s ! Ce sera aussi un moyen de communiquer avec d\u2019autres chercheurs du monde entier !<\/p>\n<p style=\"padding-left: 60px;\">La connaissance des langues \u00e9trang\u00e8res vous permettra aussi d\u2019\u00e9tudier \u00e0 l\u2019\u00e9tranger dans de prestigieuses \u00e9coles ou universit\u00e9s.<\/p>\n<\/div><div class=\"fusion-title title fusion-title-5 fusion-sep-none fusion-title-text fusion-title-size-one fusion-animated\" style=\"--awb-margin-top-small:0px;--awb-margin-right-small:0px;--awb-margin-bottom-small:20px;--awb-margin-left-small:0px;\" data-animationType=\"slideInLeft\" data-animationDuration=\"0.3\" data-animationOffset=\"top-into-view\"><h1 class=\"fusion-title-heading title-heading-left fusion-responsive-typography-calculated\" style=\"margin:0;--fontSize:58;line-height:0.83;\"><h3>Les raisons touristiques!<\/h3><\/h1><\/div><div class=\"fusion-text fusion-text-6\" style=\"--awb-text-transform:none;\"><p style=\"padding-left: 60px;\">Apprendre la langue du pays que l\u2019on veut aller visiter, c\u2019est se donner la chance de le d\u00e9couvrir plus compl\u00e8tement, d\u2019en apprendre les racines, les coutumes, de rencontrer les gens sur place et d\u00e9couvrir les particularit\u00e9s de leur mode de vie. M\u00eame un bon guide touristique ne vous le permettra pas ! Une dimension nouvelle s\u2019ouvre \u00e0 vous !<\/p>\n<\/div><div class=\"fusion-title title fusion-title-6 fusion-sep-none fusion-title-text fusion-title-size-one fusion-animated\" style=\"--awb-margin-top-small:0px;--awb-margin-right-small:0px;--awb-margin-bottom-small:20px;--awb-margin-left-small:0px;\" data-animationType=\"slideInLeft\" data-animationDuration=\"0.3\" data-animationOffset=\"top-into-view\"><h1 class=\"fusion-title-heading title-heading-left fusion-responsive-typography-calculated\" style=\"margin:0;--fontSize:58;line-height:0.83;\"><h3>Les raisons philosophiques!<\/h3><\/h1><\/div><div class=\"fusion-text fusion-text-7\" style=\"--awb-text-transform:none;\"><p style=\"padding-left: 60px;\">De nombreux missionnaires, quelle que soit leur <strong>religion<\/strong>, ont appris et apprennent encore de nos jour la langue du pays dans lequel ils vivent. Une mani\u00e8re de communiquer avec les autochtones et d\u2019apprendre \u00e0 les connaitre.<\/p>\n<\/div><div class=\"fusion-title title fusion-title-7 fusion-sep-none fusion-title-text fusion-title-size-one fusion-animated\" style=\"--awb-margin-top-small:0px;--awb-margin-right-small:0px;--awb-margin-bottom-small:20px;--awb-margin-left-small:0px;\" data-animationType=\"slideInLeft\" data-animationDuration=\"0.3\" data-animationOffset=\"top-into-view\"><h1 class=\"fusion-title-heading title-heading-left fusion-responsive-typography-calculated\" style=\"margin:0;--fontSize:58;line-height:0.83;\"><h3>Les raisons intellectuelles!<\/h3><\/h1><\/div><div class=\"fusion-text fusion-text-8\" style=\"--awb-text-transform:none;\"><p style=\"padding-left: 60px;\">Certains apprennent les langues pour leur seul <strong>int\u00e9r\u00eat linguistique<\/strong>. Comparer les mots, les expressions, l\u2019\u00e9volution de la langue, comprendre les influences d\u2019une langue sur les autres sont autant de choses qui peuvent \u00eatre passionnantes pour certains !<\/p>\n<p style=\"padding-left: 60px;\">Vous aimez le cin\u00e9ma ? la litt\u00e9rature ? la peinture ? la po\u00e9sie ? Quoi de mieux que de <strong>d\u00e9couvrir un art<\/strong> dans sa langue originelle ?<\/p>\n<\/div><div class=\"fusion-title title fusion-title-8 fusion-sep-none fusion-title-text fusion-title-size-one\" style=\"--awb-margin-top-small:0px;--awb-margin-right-small:0px;--awb-margin-bottom-small:20px;--awb-margin-left-small:0px;\"><h1 class=\"fusion-title-heading title-heading-left fusion-responsive-typography-calculated\" style=\"margin:0;--fontSize:58;line-height:0.83;\"><h3>Et vous, pour quelles raisons \u00eates vous sur ce site? Quelle langue voulez-vous apprendre? Quelle est votre motivation?<\/h3><\/h1><\/div><\/div><\/div><\/div><\/div><\/p>\n","protected":false},"excerpt":{"rendered":"","protected":false},"author":2,"featured_media":43081,"parent":0,"menu_order":0,"comment_status":"closed","ping_status":"closed","template":"100-width.php","meta":{"footnotes":""},"class_list":["post-4023","page","type-page","status-publish","has-post-thumbnail","hentry"],"yoast_head":"<!-- This site is optimized with the Yoast SEO plugin v27.4 - https:\/\/yoast.com\/product\/yoast-seo-wordpress\/ -->\n<title>Pourquoi apprendre une langue \u00e9trang\u00e8re?<\/title>\n<meta name=\"description\" content=\"Pourquoi apprendre une langue \u00e9trang\u00e8re ? apprendre l&#039;anglais ? apprendre le n\u00e9erlandais ? quelles sont vos motivations?\" \/>\n<meta name=\"robots\" content=\"index, follow, max-snippet:-1, max-image-preview:large, max-video-preview:-1\" \/>\n<link rel=\"canonical\" href=\"https:\/\/ecoledelangues.be\/fr\/pourquoi-apprendre-une-langue-etrangere\/\" \/>\n<meta property=\"og:locale\" content=\"fr_FR\" \/>\n<meta property=\"og:type\" content=\"article\" \/>\n<meta property=\"og:title\" content=\"Pourquoi apprendre une langue \u00e9trang\u00e8re?\" \/>\n<meta property=\"og:description\" content=\"Pourquoi apprendre une langue \u00e9trang\u00e8re ? apprendre l&#039;anglais ? apprendre le n\u00e9erlandais ? quelles sont vos motivations?\" \/>\n<meta property=\"og:url\" content=\"https:\/\/ecoledelangues.be\/fr\/pourquoi-apprendre-une-langue-etrangere\/\" \/>\n<meta property=\"og:site_name\" content=\"EcoleDeLangues.be\" \/>\n<meta property=\"article:publisher\" content=\"https:\/\/www.facebook.com\/Ecoledelanguesbe\/\" \/>\n<meta property=\"article:modified_time\" content=\"2024-06-04T13:03:06+00:00\" \/>\n<meta property=\"og:image\" content=\"https:\/\/ecoledelangues.be\/wp-content\/uploads\/2024\/06\/instagram.jpg\" \/>\n\t<meta property=\"og:image:width\" content=\"1080\" \/>\n\t<meta property=\"og:image:height\" content=\"1080\" \/>\n\t<meta property=\"og:image:type\" content=\"image\/jpeg\" \/>\n<meta name=\"twitter:card\" content=\"summary_large_image\" \/>\n<meta name=\"twitter:label1\" content=\"Dur\u00e9e de lecture estim\u00e9e\" \/>\n\t<meta name=\"twitter:data1\" content=\"4 minutes\" \/>\n<script type=\"application\/ld+json\" class=\"yoast-schema-graph\">{\"@context\":\"https:\\\/\\\/schema.org\",\"@graph\":[{\"@type\":\"WebPage\",\"@id\":\"https:\\\/\\\/ecoledelangues.be\\\/fr\\\/pourquoi-apprendre-une-langue-etrangere\\\/\",\"url\":\"https:\\\/\\\/ecoledelangues.be\\\/fr\\\/pourquoi-apprendre-une-langue-etrangere\\\/\",\"name\":\"Pourquoi apprendre une langue \u00e9trang\u00e8re?\",\"isPartOf\":{\"@id\":\"https:\\\/\\\/ecoledelangues.be\\\/fr\\\/#website\"},\"primaryImageOfPage\":{\"@id\":\"https:\\\/\\\/ecoledelangues.be\\\/fr\\\/pourquoi-apprendre-une-langue-etrangere\\\/#primaryimage\"},\"image\":{\"@id\":\"https:\\\/\\\/ecoledelangues.be\\\/fr\\\/pourquoi-apprendre-une-langue-etrangere\\\/#primaryimage\"},\"thumbnailUrl\":\"https:\\\/\\\/ecoledelangues.be\\\/wp-content\\\/uploads\\\/2024\\\/06\\\/instagram.jpg\",\"datePublished\":\"2015-04-10T10:28:29+00:00\",\"dateModified\":\"2024-06-04T13:03:06+00:00\",\"description\":\"Pourquoi apprendre une langue \u00e9trang\u00e8re ? apprendre l'anglais ? apprendre le n\u00e9erlandais ? quelles sont vos motivations?\",\"breadcrumb\":{\"@id\":\"https:\\\/\\\/ecoledelangues.be\\\/fr\\\/pourquoi-apprendre-une-langue-etrangere\\\/#breadcrumb\"},\"inLanguage\":\"fr-FR\",\"potentialAction\":[{\"@type\":\"ReadAction\",\"target\":[\"https:\\\/\\\/ecoledelangues.be\\\/fr\\\/pourquoi-apprendre-une-langue-etrangere\\\/\"]}]},{\"@type\":\"ImageObject\",\"inLanguage\":\"fr-FR\",\"@id\":\"https:\\\/\\\/ecoledelangues.be\\\/fr\\\/pourquoi-apprendre-une-langue-etrangere\\\/#primaryimage\",\"url\":\"https:\\\/\\\/ecoledelangues.be\\\/wp-content\\\/uploads\\\/2024\\\/06\\\/instagram.jpg\",\"contentUrl\":\"https:\\\/\\\/ecoledelangues.be\\\/wp-content\\\/uploads\\\/2024\\\/06\\\/instagram.jpg\",\"width\":1080,\"height\":1080},{\"@type\":\"BreadcrumbList\",\"@id\":\"https:\\\/\\\/ecoledelangues.be\\\/fr\\\/pourquoi-apprendre-une-langue-etrangere\\\/#breadcrumb\",\"itemListElement\":[{\"@type\":\"ListItem\",\"position\":1,\"name\":\"Home\",\"item\":\"https:\\\/\\\/ecoledelangues.be\\\/fr\\\/\"},{\"@type\":\"ListItem\",\"position\":2,\"name\":\"Pourquoi apprendre une langue \u00e9trang\u00e8re?\"}]},{\"@type\":\"WebSite\",\"@id\":\"https:\\\/\\\/ecoledelangues.be\\\/fr\\\/#website\",\"url\":\"https:\\\/\\\/ecoledelangues.be\\\/fr\\\/\",\"name\":\"EcoleDeLangues.be\",\"description\":\"Ecole de langues - cours pour enfants ados et adultes - fran\u00e7ais anglais n\u00e9erlandais\",\"publisher\":{\"@id\":\"https:\\\/\\\/ecoledelangues.be\\\/fr\\\/#organization\"},\"potentialAction\":[{\"@type\":\"SearchAction\",\"target\":{\"@type\":\"EntryPoint\",\"urlTemplate\":\"https:\\\/\\\/ecoledelangues.be\\\/fr\\\/?s={search_term_string}\"},\"query-input\":{\"@type\":\"PropertyValueSpecification\",\"valueRequired\":true,\"valueName\":\"search_term_string\"}}],\"inLanguage\":\"fr-FR\"},{\"@type\":\"Organization\",\"@id\":\"https:\\\/\\\/ecoledelangues.be\\\/fr\\\/#organization\",\"name\":\"Ecoledelangues.be\",\"alternateName\":\"Propulse ASBL\",\"url\":\"https:\\\/\\\/ecoledelangues.be\\\/fr\\\/\",\"logo\":{\"@type\":\"ImageObject\",\"inLanguage\":\"fr-FR\",\"@id\":\"https:\\\/\\\/ecoledelangues.be\\\/fr\\\/#\\\/schema\\\/logo\\\/image\\\/\",\"url\":\"https:\\\/\\\/ecoledelangues.be\\\/wp-content\\\/uploads\\\/2025\\\/04\\\/une-monggolfiere-qui-seleve-dans-le-ciel-qui-quitte-le-sol-couleur-du-ballon-_-orange-ff6e22-et-3cccd6-et-blanc-1.jpg\",\"contentUrl\":\"https:\\\/\\\/ecoledelangues.be\\\/wp-content\\\/uploads\\\/2025\\\/04\\\/une-monggolfiere-qui-seleve-dans-le-ciel-qui-quitte-le-sol-couleur-du-ballon-_-orange-ff6e22-et-3cccd6-et-blanc-1.jpg\",\"width\":1472,\"height\":832,\"caption\":\"Ecoledelangues.be\"},\"image\":{\"@id\":\"https:\\\/\\\/ecoledelangues.be\\\/fr\\\/#\\\/schema\\\/logo\\\/image\\\/\"},\"sameAs\":[\"https:\\\/\\\/www.facebook.com\\\/Ecoledelanguesbe\\\/\",\"https:\\\/\\\/www.instagram.com\\\/ecoledelanguesbe\\\/\",\"https:\\\/\\\/www.linkedin.com\\\/company\\\/ecoledelangues-be\\\/\",\"https:\\\/\\\/www.youtube.com\\\/channel\\\/UCCDb1VptuozMO6q9MqgltPg\"]}]}<\/script>\n<!-- \/ Yoast SEO plugin. -->","yoast_head_json":{"title":"Pourquoi apprendre une langue \u00e9trang\u00e8re?","description":"Pourquoi apprendre une langue \u00e9trang\u00e8re ? apprendre l'anglais ? apprendre le n\u00e9erlandais ? quelles sont vos motivations?","robots":{"index":"index","follow":"follow","max-snippet":"max-snippet:-1","max-image-preview":"max-image-preview:large","max-video-preview":"max-video-preview:-1"},"canonical":"https:\/\/ecoledelangues.be\/fr\/pourquoi-apprendre-une-langue-etrangere\/","og_locale":"fr_FR","og_type":"article","og_title":"Pourquoi apprendre une langue \u00e9trang\u00e8re?","og_description":"Pourquoi apprendre une langue \u00e9trang\u00e8re ? apprendre l'anglais ? apprendre le n\u00e9erlandais ? quelles sont vos motivations?","og_url":"https:\/\/ecoledelangues.be\/fr\/pourquoi-apprendre-une-langue-etrangere\/","og_site_name":"EcoleDeLangues.be","article_publisher":"https:\/\/www.facebook.com\/Ecoledelanguesbe\/","article_modified_time":"2024-06-04T13:03:06+00:00","og_image":[{"width":1080,"height":1080,"url":"https:\/\/ecoledelangues.be\/wp-content\/uploads\/2024\/06\/instagram.jpg","type":"image\/jpeg"}],"twitter_card":"summary_large_image","twitter_misc":{"Dur\u00e9e de lecture estim\u00e9e":"4 minutes"},"schema":{"@context":"https:\/\/schema.org","@graph":[{"@type":"WebPage","@id":"https:\/\/ecoledelangues.be\/fr\/pourquoi-apprendre-une-langue-etrangere\/","url":"https:\/\/ecoledelangues.be\/fr\/pourquoi-apprendre-une-langue-etrangere\/","name":"Pourquoi apprendre une langue \u00e9trang\u00e8re?","isPartOf":{"@id":"https:\/\/ecoledelangues.be\/fr\/#website"},"primaryImageOfPage":{"@id":"https:\/\/ecoledelangues.be\/fr\/pourquoi-apprendre-une-langue-etrangere\/#primaryimage"},"image":{"@id":"https:\/\/ecoledelangues.be\/fr\/pourquoi-apprendre-une-langue-etrangere\/#primaryimage"},"thumbnailUrl":"https:\/\/ecoledelangues.be\/wp-content\/uploads\/2024\/06\/instagram.jpg","datePublished":"2015-04-10T10:28:29+00:00","dateModified":"2024-06-04T13:03:06+00:00","description":"Pourquoi apprendre une langue \u00e9trang\u00e8re ? apprendre l'anglais ? apprendre le n\u00e9erlandais ? quelles sont vos motivations?","breadcrumb":{"@id":"https:\/\/ecoledelangues.be\/fr\/pourquoi-apprendre-une-langue-etrangere\/#breadcrumb"},"inLanguage":"fr-FR","potentialAction":[{"@type":"ReadAction","target":["https:\/\/ecoledelangues.be\/fr\/pourquoi-apprendre-une-langue-etrangere\/"]}]},{"@type":"ImageObject","inLanguage":"fr-FR","@id":"https:\/\/ecoledelangues.be\/fr\/pourquoi-apprendre-une-langue-etrangere\/#primaryimage","url":"https:\/\/ecoledelangues.be\/wp-content\/uploads\/2024\/06\/instagram.jpg","contentUrl":"https:\/\/ecoledelangues.be\/wp-content\/uploads\/2024\/06\/instagram.jpg","width":1080,"height":1080},{"@type":"BreadcrumbList","@id":"https:\/\/ecoledelangues.be\/fr\/pourquoi-apprendre-une-langue-etrangere\/#breadcrumb","itemListElement":[{"@type":"ListItem","position":1,"name":"Home","item":"https:\/\/ecoledelangues.be\/fr\/"},{"@type":"ListItem","position":2,"name":"Pourquoi apprendre une langue \u00e9trang\u00e8re?"}]},{"@type":"WebSite","@id":"https:\/\/ecoledelangues.be\/fr\/#website","url":"https:\/\/ecoledelangues.be\/fr\/","name":"EcoleDeLangues.be","description":"Ecole de langues - cours pour enfants ados et adultes - fran\u00e7ais anglais n\u00e9erlandais","publisher":{"@id":"https:\/\/ecoledelangues.be\/fr\/#organization"},"potentialAction":[{"@type":"SearchAction","target":{"@type":"EntryPoint","urlTemplate":"https:\/\/ecoledelangues.be\/fr\/?s={search_term_string}"},"query-input":{"@type":"PropertyValueSpecification","valueRequired":true,"valueName":"search_term_string"}}],"inLanguage":"fr-FR"},{"@type":"Organization","@id":"https:\/\/ecoledelangues.be\/fr\/#organization","name":"Ecoledelangues.be","alternateName":"Propulse ASBL","url":"https:\/\/ecoledelangues.be\/fr\/","logo":{"@type":"ImageObject","inLanguage":"fr-FR","@id":"https:\/\/ecoledelangues.be\/fr\/#\/schema\/logo\/image\/","url":"https:\/\/ecoledelangues.be\/wp-content\/uploads\/2025\/04\/une-monggolfiere-qui-seleve-dans-le-ciel-qui-quitte-le-sol-couleur-du-ballon-_-orange-ff6e22-et-3cccd6-et-blanc-1.jpg","contentUrl":"https:\/\/ecoledelangues.be\/wp-content\/uploads\/2025\/04\/une-monggolfiere-qui-seleve-dans-le-ciel-qui-quitte-le-sol-couleur-du-ballon-_-orange-ff6e22-et-3cccd6-et-blanc-1.jpg","width":1472,"height":832,"caption":"Ecoledelangues.be"},"image":{"@id":"https:\/\/ecoledelangues.be\/fr\/#\/schema\/logo\/image\/"},"sameAs":["https:\/\/www.facebook.com\/Ecoledelanguesbe\/","https:\/\/www.instagram.com\/ecoledelanguesbe\/","https:\/\/www.linkedin.com\/company\/ecoledelangues-be\/","https:\/\/www.youtube.com\/channel\/UCCDb1VptuozMO6q9MqgltPg"]}]}},"_links":{"self":[{"href":"https:\/\/ecoledelangues.be\/fr\/wp-json\/wp\/v2\/pages\/4023","targetHints":{"allow":["GET"]}}],"collection":[{"href":"https:\/\/ecoledelangues.be\/fr\/wp-json\/wp\/v2\/pages"}],"about":[{"href":"https:\/\/ecoledelangues.be\/fr\/wp-json\/wp\/v2\/types\/page"}],"author":[{"embeddable":true,"href":"https:\/\/ecoledelangues.be\/fr\/wp-json\/wp\/v2\/users\/2"}],"replies":[{"embeddable":true,"href":"https:\/\/ecoledelangues.be\/fr\/wp-json\/wp\/v2\/comments?post=4023"}],"version-history":[{"count":9,"href":"https:\/\/ecoledelangues.be\/fr\/wp-json\/wp\/v2\/pages\/4023\/revisions"}],"predecessor-version":[{"id":43091,"href":"https:\/\/ecoledelangues.be\/fr\/wp-json\/wp\/v2\/pages\/4023\/revisions\/43091"}],"wp:featuredmedia":[{"embeddable":true,"href":"https:\/\/ecoledelangues.be\/fr\/wp-json\/wp\/v2\/media\/43081"}],"wp:attachment":[{"href":"https:\/\/ecoledelangues.be\/fr\/wp-json\/wp\/v2\/media?parent=4023"}],"curies":[{"name":"wp","href":"https:\/\/api.w.org\/{rel}","templated":true}]}}