{"id":40039,"date":"2022-07-18T18:16:45","date_gmt":"2022-07-18T18:16:45","guid":{"rendered":"https:\/\/ecoledelangues.be\/?page_id=40039"},"modified":"2023-06-20T13:10:00","modified_gmt":"2023-06-20T13:10:00","slug":"job-etudiants-animateur-langues","status":"publish","type":"page","link":"https:\/\/ecoledelangues.be\/fr\/job-etudiants-animateur-langues\/","title":{"rendered":"Job \u00e9tudiants &#8211; animateur langues"},"content":{"rendered":"<p><div class=\"fusion-fullwidth fullwidth-box fusion-builder-row-1 fusion-parallax-none hundred-percent-fullwidth non-hundred-percent-height-scrolling lazyload\" style=\"--awb-background-position:center top;--awb-border-sizes-top:0px;--awb-border-sizes-bottom:0px;--awb-border-sizes-left:0px;--awb-border-sizes-right:0px;--awb-border-radius-top-left:0px;--awb-border-radius-top-right:0px;--awb-border-radius-bottom-right:0px;--awb-border-radius-bottom-left:0px;--awb-padding-top:6%;--awb-padding-right:15%;--awb-padding-bottom:7%;--awb-padding-left:15%;--awb-background-image:linear-gradient(180deg, #ff6e22 0%,rgba(255,132,66,0.34) 100%);;--awb-background-size:cover;--awb-flex-wrap:wrap;\" data-bg=\"https:\/\/ecoledelangues.be\/wp-content\/uploads\/2020\/09\/Sans-titre-29-e1600336166749.png\" data-bg-gradient=\"linear-gradient(180deg, #ff6e22 0%,rgba(255,132,66,0.34) 100%)\" ><div class=\"fusion-builder-row fusion-row\"><div class=\"fusion-layout-column fusion_builder_column fusion-builder-column-0 fusion_builder_column_1_1 1_1 fusion-one-full fusion-column-first fusion-column-last fusion-column-no-min-height\" style=\"--awb-bg-size:cover;\"><div class=\"fusion-column-wrapper fusion-flex-column-wrapper-legacy\"><div class=\"fusion-title title fusion-title-1 fusion-sep-none fusion-title-center fusion-title-text fusion-title-size-one\" style=\"--awb-text-color:#ffffff;--awb-margin-top-small:0px;--awb-margin-right-small:0px;--awb-margin-bottom-small:20px;--awb-margin-left-small:0px;\"><h1 class=\"fusion-title-heading title-heading-center fusion-responsive-typography-calculated\" style=\"margin:0;--fontSize:58;line-height:1.03;\">Tu es un SUPER-animateur?<\/p>\n<div id=\"ConnectiveDocSignExtentionInstalled\" data-extension-version=\"1.0.4\"><\/div><\/h1><\/div><div class=\"fusion-clearfix\"><\/div><\/div><\/div><\/div><\/div><div class=\"fusion-fullwidth fullwidth-box fusion-builder-row-2 hundred-percent-fullwidth non-hundred-percent-height-scrolling fusion-equal-height-columns\" style=\"--awb-background-position:left top;--awb-border-sizes-top:0px;--awb-border-sizes-bottom:0px;--awb-border-sizes-left:0px;--awb-border-sizes-right:0px;--awb-border-radius-top-left:0px;--awb-border-radius-top-right:0px;--awb-border-radius-bottom-right:0px;--awb-border-radius-bottom-left:0px;--awb-padding-top:0px;--awb-padding-right:0px;--awb-padding-bottom:0px;--awb-padding-left:0px;--awb-flex-wrap:wrap;\" ><div class=\"fusion-builder-row fusion-row\"><div class=\"fusion-layout-column fusion_builder_column fusion-builder-column-1 fusion_builder_column_1_2 1_2 fusion-one-half fusion-column-first\" style=\"--awb-padding-top:5%;--awb-padding-right:15%;--awb-padding-bottom:15%;--awb-padding-left:15%;--awb-bg-color:#ececec;--awb-bg-color-hover:#ececec;--awb-bg-size:cover;\"><div class=\"fusion-column-wrapper fusion-column-has-shadow fusion-flex-column-wrapper-legacy\"><div class=\"fusion-column-content-centered\"><div class=\"fusion-column-content\"><div class=\"fusion-title title fusion-title-2 fusion-sep-none fusion-title-highlight fusion-animate-once fusion-highlight-underline fusion-title-size-one\" style=\"--awb-highlight-color:#ff6e22;--awb-highlight-top-margin:20px;--awb-highlight-width:5;--awb-margin-top-small:0px;--awb-margin-right-small:0px;--awb-margin-bottom-small:20px;--awb-margin-left-small:0px;--awb-font-size:48px;\" data-highlight=\"underline\"><h1 class=\"fusion-title-heading title-heading-left fusion-responsive-typography-calculated\" style=\"margin:0;font-size:1em;--fontSize:48;line-height:1.2;\"><span class=\"fusion-highlighted-text-prefix\"><\/span> <span class=\"fusion-highlighted-text-wrapper\"><span class=\"fusion-highlighted-text\" style=\"color:#5b5b5b;\">Tu as trouv\u00e9 le SUPER-job!<\/span><svg xmlns=\"http:\/\/www.w3.org\/2000\/svg\" viewBox=\"0 0 500 150\" preserveAspectRatio=\"none\"><path d=\"M8.1,146.2c0,0,240.6-55.6,479-13.8\"><\/path><\/svg><\/span> <span class=\"fusion-highlighted-text-postfix\"><\/span><\/h1><\/div><div class=\"fusion-sep-clear\"><\/div><div class=\"fusion-separator fusion-full-width-sep\" style=\"margin-left: auto;margin-right: auto;margin-top:30px;margin-bottom:30px;width:100%;\"><\/div><div class=\"fusion-sep-clear\"><\/div><ul style=\"--awb-line-height:23.8px;--awb-icon-width:23.8px;--awb-icon-height:23.8px;--awb-icon-margin:9.8px;--awb-content-margin:33.6px;--awb-circlecolor:#ffffff;--awb-circle-yes-font-size:12.32px;\" class=\"fusion-checklist fusion-checklist-1 fusion-checklist-default type-icons\"><li class=\"fusion-li-item\" style=\"\"><span class=\"icon-wrapper circle-yes\"><i class=\"fusion-li-icon fa-graduation-cap fas\" aria-hidden=\"true\"><\/i><\/span><div class=\"fusion-li-item-content\">\n<p>Tu \u00e9tudies dans une <strong>universit\u00e9<\/strong> ou une <strong>haute \u00e9cole<\/strong>?<\/p>\n<\/div><\/li><li class=\"fusion-li-item\" style=\"\"><span class=\"icon-wrapper circle-yes\"><i class=\"fusion-li-icon fa-birthday-cake fas\" aria-hidden=\"true\"><\/i><\/span><div class=\"fusion-li-item-content\">\n<p>Tu as <b>18 ans ou plus<\/b>?<\/p>\n<\/div><\/li><li class=\"fusion-li-item\" style=\"\"><span class=\"icon-wrapper circle-yes\"><i class=\"fusion-li-icon fa-euro-sign fas\" aria-hidden=\"true\"><\/i><\/span><div class=\"fusion-li-item-content\">Tu veux un job <b>bien pay\u00e9<\/b>? (ca tombe bien, on commence \u00e0 20\u20ac\/h!)<\/div><\/li><li class=\"fusion-li-item\" style=\"\"><span class=\"icon-wrapper circle-yes\"><i class=\"fusion-li-icon fa-child fas\" aria-hidden=\"true\"><\/i><\/span><div class=\"fusion-li-item-content\">\n<p>Tu as un super <strong>contact avec les enfants<\/strong>?<\/p>\n<\/div><\/li><li class=\"fusion-li-item\" style=\"\"><span class=\"icon-wrapper circle-yes\"><i class=\"fusion-li-icon fa-running fas\" aria-hidden=\"true\"><\/i><\/span><div class=\"fusion-li-item-content\">\n<p>Tu es <b>dynamique<\/b>?<\/p>\n<\/div><\/li><li class=\"fusion-li-item\" style=\"\"><span class=\"icon-wrapper circle-yes\"><i class=\"fusion-li-icon fa-grin fas\" aria-hidden=\"true\"><\/i><\/span><div class=\"fusion-li-item-content\">\n<p>Tu as un grand sens de l&rsquo;<b>humour<\/b>?<\/p>\n<\/div><\/li><li class=\"fusion-li-item\" style=\"\"><span class=\"icon-wrapper circle-yes\"><i class=\"fusion-li-icon fa-sync fas\" aria-hidden=\"true\"><\/i><\/span><div class=\"fusion-li-item-content\">\n<p>Tu es flexible dans ton <strong>organisation quotidienne?<\/strong><\/p>\n<\/div><\/li><li class=\"fusion-li-item\" style=\"\"><span class=\"icon-wrapper circle-yes\"><i class=\"fusion-li-icon fa-globe-africa fas\" aria-hidden=\"true\"><\/i><\/span><div class=\"fusion-li-item-content\">\n<p>Tu veux travailler avec un <b>public multiculturel <\/b>?<\/p>\n<\/div><\/li><li class=\"fusion-li-item\" style=\"\"><span class=\"icon-wrapper circle-yes\"><i class=\"fusion-li-icon fa-map-marker-alt fas\" aria-hidden=\"true\"><\/i><\/span><div class=\"fusion-li-item-content\">\n<p><b>Bruxelles, Brabant flamand, Brabant wallon<\/b><\/p>\n<\/div><\/li><\/ul><div class=\"fusion-sep-clear\"><\/div><div class=\"fusion-separator fusion-full-width-sep\" style=\"margin-left: auto;margin-right: auto;margin-top:30px;margin-bottom:30px;width:100%;\"><\/div><div class=\"fusion-sep-clear\"><\/div><div class=\"fusion-fa-align-center\"><i class=\"fb-icon-element-1 fb-icon-element fontawesome-icon fa-angle-double-down fas circle-yes icon-hover-animation-pulsate\" style=\"--awb-iconcolor:#ff6e22;--awb-iconcolor-hover:#ff6e22;--awb-circlecolor:#ffffff;--awb-circlecolor-hover:#ffffff;--awb-circlebordersize:1px;--awb-font-size:28.16px;--awb-width:56.32px;--awb-height:56.32px;--awb-line-height:54.32px;\"><\/i><\/div><div class=\"fusion-sep-clear\"><\/div><div class=\"fusion-separator fusion-full-width-sep\" style=\"margin-left: auto;margin-right: auto;margin-top:30px;margin-bottom:30px;width:100%;\"><\/div><div class=\"fusion-sep-clear\"><\/div><div class=\"fusion-text fusion-text-1\">\n<div class=\"wpcf7 no-js\" id=\"wpcf7-f40046-o1\" lang=\"en-US\" dir=\"ltr\" data-wpcf7-id=\"40046\">\n<div class=\"screen-reader-response\"><p role=\"status\" aria-live=\"polite\" aria-atomic=\"true\"><\/p> <ul><\/ul><\/div>\n<form action=\"\/fr\/wp-json\/wp\/v2\/pages\/40039#wpcf7-f40046-o1\" method=\"post\" class=\"wpcf7-form init\" aria-label=\"Contact form\" enctype=\"multipart\/form-data\" novalidate=\"novalidate\" data-status=\"init\">\n<fieldset class=\"hidden-fields-container\"><input type=\"hidden\" name=\"_wpcf7\" value=\"40046\" \/><input type=\"hidden\" name=\"_wpcf7_version\" value=\"6.1.5\" \/><input type=\"hidden\" name=\"_wpcf7_locale\" value=\"en_US\" \/><input type=\"hidden\" name=\"_wpcf7_unit_tag\" value=\"wpcf7-f40046-o1\" \/><input type=\"hidden\" name=\"_wpcf7_container_post\" value=\"0\" \/><input type=\"hidden\" name=\"_wpcf7_posted_data_hash\" value=\"\" \/><input type=\"hidden\" name=\"_wpcf7_recaptcha_response\" value=\"\" \/>\n<\/fieldset>\n<p><label> Ton pr\u00e9nom et NOM*<br \/>\n<span class=\"wpcf7-form-control-wrap\" data-name=\"your-name\"><input size=\"40\" maxlength=\"400\" class=\"wpcf7-form-control wpcf7-text wpcf7-validates-as-required\" aria-required=\"true\" aria-invalid=\"false\" value=\"\" type=\"text\" name=\"your-name\" \/><\/span> <\/label>\n<\/p>\n<p><label> Ton email*<br \/>\n<span class=\"wpcf7-form-control-wrap\" data-name=\"your-email\"><input size=\"40\" maxlength=\"400\" class=\"wpcf7-form-control wpcf7-email wpcf7-validates-as-required wpcf7-text wpcf7-validates-as-email\" aria-required=\"true\" aria-invalid=\"false\" value=\"\" type=\"email\" name=\"your-email\" \/><\/span> <\/label>\n<\/p>\n<p>Tu cherches un job:<br \/>\n<span class=\"wpcf7-form-control-wrap\" data-name=\"ou\"><span class=\"wpcf7-form-control wpcf7-checkbox\"><span class=\"wpcf7-list-item first\"><label><input type=\"checkbox\" name=\"ou[]\" value=\"dans le Brabant Wallon\" \/><span class=\"wpcf7-list-item-label\">dans le Brabant Wallon<\/span><\/label><\/span><span class=\"wpcf7-list-item last\"><label><input type=\"checkbox\" name=\"ou[]\" value=\"\u00e0 Bruxelles\" \/><span class=\"wpcf7-list-item-label\">\u00e0 Bruxelles<\/span><\/label><\/span><\/span><\/span>\n<\/p>\n<p>Tu as un niveau B2 (ou plus) en:<br \/>\n<span class=\"wpcf7-form-control-wrap\" data-name=\"checkbox-298\"><span class=\"wpcf7-form-control wpcf7-checkbox\"><span class=\"wpcf7-list-item first\"><label><input type=\"checkbox\" name=\"checkbox-298[]\" value=\"fran\u00e7ais\" \/><span class=\"wpcf7-list-item-label\">fran\u00e7ais<\/span><\/label><\/span><span class=\"wpcf7-list-item\"><label><input type=\"checkbox\" name=\"checkbox-298[]\" value=\"anglais\" \/><span class=\"wpcf7-list-item-label\">anglais<\/span><\/label><\/span><span class=\"wpcf7-list-item\"><label><input type=\"checkbox\" name=\"checkbox-298[]\" value=\"n\u00e9erlandais\" \/><span class=\"wpcf7-list-item-label\">n\u00e9erlandais<\/span><\/label><\/span><span class=\"wpcf7-list-item\"><label><input type=\"checkbox\" name=\"checkbox-298[]\" value=\"espagnol\" \/><span class=\"wpcf7-list-item-label\">espagnol<\/span><\/label><\/span><span class=\"wpcf7-list-item last\"><label><input type=\"checkbox\" name=\"checkbox-298[]\" value=\"autre\" \/><span class=\"wpcf7-list-item-label\">autre<\/span><\/label><\/span><\/span><\/span>\n<\/p>\n<p>Tu as une exp\u00e9rience de chef(fe) scout et\/ou d'animateur de plaines de jeux:<br \/>\n<span class=\"wpcf7-form-control-wrap\" data-name=\"radio-160\"><span class=\"wpcf7-form-control wpcf7-radio\"><span class=\"wpcf7-list-item first\"><label><input type=\"radio\" name=\"radio-160\" value=\"oui\" checked=\"checked\" \/><span class=\"wpcf7-list-item-label\">oui<\/span><\/label><\/span><span class=\"wpcf7-list-item last\"><label><input type=\"radio\" name=\"radio-160\" value=\"non\" \/><span class=\"wpcf7-list-item-label\">non<\/span><\/label><\/span><\/span><\/span>\n<\/p>\n<p>Tu d\u00e9sires travailler:<br \/>\n<span class=\"wpcf7-form-control-wrap\" data-name=\"checkbox-638\"><span class=\"wpcf7-form-control wpcf7-checkbox\"><span class=\"wpcf7-list-item first\"><label><input type=\"checkbox\" name=\"checkbox-638[]\" value=\"2 ou 3 heures par semaine\" \/><span class=\"wpcf7-list-item-label\">2 ou 3 heures par semaine<\/span><\/label><\/span><span class=\"wpcf7-list-item\"><label><input type=\"checkbox\" name=\"checkbox-638[]\" value=\"3 \u00e0 10 heures par semaine\" \/><span class=\"wpcf7-list-item-label\">3 \u00e0 10 heures par semaine<\/span><\/label><\/span><span class=\"wpcf7-list-item last\"><label><input type=\"checkbox\" name=\"checkbox-638[]\" value=\"plus de 10 heures par semaine\" \/><span class=\"wpcf7-list-item-label\">plus de 10 heures par semaine<\/span><\/label><\/span><\/span><\/span>\n<\/p>\n<p><label> Objet*<br \/>\n<span class=\"wpcf7-form-control-wrap\" data-name=\"your-subject\"><input size=\"40\" maxlength=\"400\" class=\"wpcf7-form-control wpcf7-text\" aria-invalid=\"false\" value=\"\" type=\"text\" name=\"your-subject\" \/><\/span> <\/label>\n<\/p>\n<p><label> Ta lettre de pr\u00e9sentation*<br \/>\n<span class=\"wpcf7-form-control-wrap\" data-name=\"your-message\"><textarea cols=\"40\" rows=\"10\" maxlength=\"2000\" class=\"wpcf7-form-control wpcf7-textarea\" aria-invalid=\"false\" name=\"your-message\"><\/textarea><\/span> <\/label>\n<\/p>\n<p><label> Ton cv* (bien mis en page, avec tes exp\u00e9riences d'animation, tes niveaux en langues, tout ce qui nous convaincra de t'engager! et le tout... en format pdf)<br \/>\n<span class=\"wpcf7-form-control-wrap\" data-name=\"file-255\"><input size=\"40\" class=\"wpcf7-form-control wpcf7-file wpcf7-validates-as-required\" accept=\".pdf\" aria-required=\"true\" aria-invalid=\"false\" type=\"file\" name=\"file-255\" \/><\/span><br \/>\n<input class=\"wpcf7-form-control wpcf7-submit has-spinner\" type=\"submit\" value=\"Send\" \/><\/label>\n<\/p><div class=\"fusion-alert alert custom alert-custom fusion-alert-center wpcf7-response-output fusion-alert-capitalize awb-alert-native-link-color alert-dismissable awb-alert-close-boxed\" style=\"--awb-border-size:1px;--awb-border-top-left-radius:0px;--awb-border-top-right-radius:0px;--awb-border-bottom-left-radius:0px;--awb-border-bottom-right-radius:0px;\" role=\"alert\"><div class=\"fusion-alert-content-wrapper\"><span class=\"fusion-alert-content\"><\/span><\/div><button type=\"button\" class=\"close toggle-alert\" data-dismiss=\"alert\" aria-label=\"Close\">&times;<\/button><\/div>\n<\/form>\n<\/div>\n\n<\/div><\/div><\/div><div class=\"fusion-clearfix\"><\/div><\/div><\/div><div class=\"fusion-layout-column fusion_builder_column fusion-builder-column-2 fusion_builder_column_1_2 1_2 fusion-one-half fusion-column-last fusion-no-small-visibility\" style=\"--awb-padding-top:15%;--awb-padding-right:15%;--awb-padding-bottom:15%;--awb-padding-left:15%;--awb-bg-position:center center;--awb-bg-size:cover;\"><div class=\"fusion-column-wrapper lazyload fusion-column-has-shadow fusion-flex-column-wrapper-legacy fusion-empty-column-bg-image fusion-column-has-bg-image\" data-bg-url=\"https:\/\/ecoledelangues.be\/wp-content\/uploads\/2020\/09\/Sans-titre-28.png\" data-bg=\"https:\/\/ecoledelangues.be\/wp-content\/uploads\/2020\/09\/Sans-titre-28.png\"><div class=\"fusion-column-content-centered\"><div class=\"fusion-column-content\"><img decoding=\"async\" class=\"fusion-empty-dims-img-placeholder fusion-no-large-visibility\" aria-label=\"Sans titre (28)\" src=\"data:image\/svg+xml,%3Csvg%20xmlns%3D%27http%3A%2F%2Fwww.w3.org%2F2000%2Fsvg%27%20width%3D%271080%27%20height%3D%271080%27%20viewBox%3D%270%200%201080%201080%27%3E%3Crect%20width%3D%271080%27%20height%3D%271080%27%20fill-opacity%3D%220%22%2F%3E%3C%2Fsvg%3E\"><\/div><\/div><div class=\"fusion-clearfix\"><\/div><\/div><\/div><\/div><\/div><\/p>\n","protected":false},"excerpt":{"rendered":"","protected":false},"author":2,"featured_media":0,"parent":0,"menu_order":1,"comment_status":"closed","ping_status":"open","template":"100-width.php","meta":{"footnotes":""},"class_list":["post-40039","page","type-page","status-publish","hentry"],"yoast_head":"<!-- This site is optimized with the Yoast SEO plugin v27.3 - https:\/\/yoast.com\/product\/yoast-seo-wordpress\/ -->\n<title>Posez votre candidature de professeur freelance!<\/title>\n<meta name=\"description\" content=\"Vous \u00eates professeur de fran\u00e7ais, anglais, n\u00e9erlandais et avez le statut freelance (ou SMART) ? Posez votre candidature et rejoignez notre \u00e9quipe!\" \/>\n<meta name=\"robots\" content=\"index, follow, max-snippet:-1, max-image-preview:large, max-video-preview:-1\" \/>\n<link rel=\"canonical\" href=\"https:\/\/ecoledelangues.be\/fr\/job-etudiants-animateur-langues\/\" \/>\n<meta property=\"og:locale\" content=\"fr_FR\" \/>\n<meta property=\"og:type\" content=\"article\" \/>\n<meta property=\"og:title\" content=\"Posez votre candidature de professeur freelance!\" \/>\n<meta property=\"og:description\" content=\"Vous \u00eates professeur de fran\u00e7ais, anglais, n\u00e9erlandais et avez le statut freelance (ou SMART) ? Posez votre candidature et rejoignez notre \u00e9quipe!\" \/>\n<meta property=\"og:url\" content=\"https:\/\/ecoledelangues.be\/fr\/job-etudiants-animateur-langues\/\" \/>\n<meta property=\"og:site_name\" content=\"EcoleDeLangues.be\" \/>\n<meta property=\"article:publisher\" content=\"https:\/\/www.facebook.com\/Ecoledelanguesbe\/\" \/>\n<meta property=\"article:modified_time\" content=\"2023-06-20T13:10:00+00:00\" \/>\n<meta property=\"og:image\" content=\"https:\/\/ecoledelangues.be\/wp-content\/uploads\/2020\/09\/Sans-titre-30.png\" \/>\n<meta name=\"twitter:card\" content=\"summary_large_image\" \/>\n<meta name=\"twitter:label1\" content=\"Dur\u00e9e de lecture estim\u00e9e\" \/>\n\t<meta name=\"twitter:data1\" content=\"5 minutes\" \/>\n<script type=\"application\/ld+json\" class=\"yoast-schema-graph\">{\"@context\":\"https:\\\/\\\/schema.org\",\"@graph\":[{\"@type\":\"WebPage\",\"@id\":\"https:\\\/\\\/ecoledelangues.be\\\/fr\\\/job-etudiants-animateur-langues\\\/\",\"url\":\"https:\\\/\\\/ecoledelangues.be\\\/fr\\\/job-etudiants-animateur-langues\\\/\",\"name\":\"Posez votre candidature de professeur freelance!\",\"isPartOf\":{\"@id\":\"https:\\\/\\\/ecoledelangues.be\\\/fr\\\/#website\"},\"datePublished\":\"2022-07-18T18:16:45+00:00\",\"dateModified\":\"2023-06-20T13:10:00+00:00\",\"description\":\"Vous \u00eates professeur de fran\u00e7ais, anglais, n\u00e9erlandais et avez le statut freelance (ou SMART) ? Posez votre candidature et rejoignez notre \u00e9quipe!\",\"breadcrumb\":{\"@id\":\"https:\\\/\\\/ecoledelangues.be\\\/fr\\\/job-etudiants-animateur-langues\\\/#breadcrumb\"},\"inLanguage\":\"fr-FR\",\"potentialAction\":[{\"@type\":\"ReadAction\",\"target\":[\"https:\\\/\\\/ecoledelangues.be\\\/fr\\\/job-etudiants-animateur-langues\\\/\"]}]},{\"@type\":\"BreadcrumbList\",\"@id\":\"https:\\\/\\\/ecoledelangues.be\\\/fr\\\/job-etudiants-animateur-langues\\\/#breadcrumb\",\"itemListElement\":[{\"@type\":\"ListItem\",\"position\":1,\"name\":\"Home\",\"item\":\"https:\\\/\\\/ecoledelangues.be\\\/fr\\\/\"},{\"@type\":\"ListItem\",\"position\":2,\"name\":\"Job \u00e9tudiants &#8211; animateur langues\"}]},{\"@type\":\"WebSite\",\"@id\":\"https:\\\/\\\/ecoledelangues.be\\\/fr\\\/#website\",\"url\":\"https:\\\/\\\/ecoledelangues.be\\\/fr\\\/\",\"name\":\"EcoleDeLangues.be\",\"description\":\"Ecole de langues - cours pour enfants ados et adultes - fran\u00e7ais anglais n\u00e9erlandais\",\"publisher\":{\"@id\":\"https:\\\/\\\/ecoledelangues.be\\\/fr\\\/#organization\"},\"potentialAction\":[{\"@type\":\"SearchAction\",\"target\":{\"@type\":\"EntryPoint\",\"urlTemplate\":\"https:\\\/\\\/ecoledelangues.be\\\/fr\\\/?s={search_term_string}\"},\"query-input\":{\"@type\":\"PropertyValueSpecification\",\"valueRequired\":true,\"valueName\":\"search_term_string\"}}],\"inLanguage\":\"fr-FR\"},{\"@type\":\"Organization\",\"@id\":\"https:\\\/\\\/ecoledelangues.be\\\/fr\\\/#organization\",\"name\":\"Ecoledelangues.be\",\"alternateName\":\"Propulse ASBL\",\"url\":\"https:\\\/\\\/ecoledelangues.be\\\/fr\\\/\",\"logo\":{\"@type\":\"ImageObject\",\"inLanguage\":\"fr-FR\",\"@id\":\"https:\\\/\\\/ecoledelangues.be\\\/fr\\\/#\\\/schema\\\/logo\\\/image\\\/\",\"url\":\"https:\\\/\\\/ecoledelangues.be\\\/wp-content\\\/uploads\\\/2025\\\/04\\\/une-monggolfiere-qui-seleve-dans-le-ciel-qui-quitte-le-sol-couleur-du-ballon-_-orange-ff6e22-et-3cccd6-et-blanc-1.jpg\",\"contentUrl\":\"https:\\\/\\\/ecoledelangues.be\\\/wp-content\\\/uploads\\\/2025\\\/04\\\/une-monggolfiere-qui-seleve-dans-le-ciel-qui-quitte-le-sol-couleur-du-ballon-_-orange-ff6e22-et-3cccd6-et-blanc-1.jpg\",\"width\":1472,\"height\":832,\"caption\":\"Ecoledelangues.be\"},\"image\":{\"@id\":\"https:\\\/\\\/ecoledelangues.be\\\/fr\\\/#\\\/schema\\\/logo\\\/image\\\/\"},\"sameAs\":[\"https:\\\/\\\/www.facebook.com\\\/Ecoledelanguesbe\\\/\",\"https:\\\/\\\/www.instagram.com\\\/ecoledelanguesbe\\\/\",\"https:\\\/\\\/www.linkedin.com\\\/company\\\/ecoledelangues-be\\\/\",\"https:\\\/\\\/www.youtube.com\\\/channel\\\/UCCDb1VptuozMO6q9MqgltPg\"]}]}<\/script>\n<!-- \/ Yoast SEO plugin. -->","yoast_head_json":{"title":"Posez votre candidature de professeur freelance!","description":"Vous \u00eates professeur de fran\u00e7ais, anglais, n\u00e9erlandais et avez le statut freelance (ou SMART) ? Posez votre candidature et rejoignez notre \u00e9quipe!","robots":{"index":"index","follow":"follow","max-snippet":"max-snippet:-1","max-image-preview":"max-image-preview:large","max-video-preview":"max-video-preview:-1"},"canonical":"https:\/\/ecoledelangues.be\/fr\/job-etudiants-animateur-langues\/","og_locale":"fr_FR","og_type":"article","og_title":"Posez votre candidature de professeur freelance!","og_description":"Vous \u00eates professeur de fran\u00e7ais, anglais, n\u00e9erlandais et avez le statut freelance (ou SMART) ? Posez votre candidature et rejoignez notre \u00e9quipe!","og_url":"https:\/\/ecoledelangues.be\/fr\/job-etudiants-animateur-langues\/","og_site_name":"EcoleDeLangues.be","article_publisher":"https:\/\/www.facebook.com\/Ecoledelanguesbe\/","article_modified_time":"2023-06-20T13:10:00+00:00","og_image":[{"url":"https:\/\/ecoledelangues.be\/wp-content\/uploads\/2020\/09\/Sans-titre-30.png","type":"","width":"","height":""}],"twitter_card":"summary_large_image","twitter_misc":{"Dur\u00e9e de lecture estim\u00e9e":"5 minutes"},"schema":{"@context":"https:\/\/schema.org","@graph":[{"@type":"WebPage","@id":"https:\/\/ecoledelangues.be\/fr\/job-etudiants-animateur-langues\/","url":"https:\/\/ecoledelangues.be\/fr\/job-etudiants-animateur-langues\/","name":"Posez votre candidature de professeur freelance!","isPartOf":{"@id":"https:\/\/ecoledelangues.be\/fr\/#website"},"datePublished":"2022-07-18T18:16:45+00:00","dateModified":"2023-06-20T13:10:00+00:00","description":"Vous \u00eates professeur de fran\u00e7ais, anglais, n\u00e9erlandais et avez le statut freelance (ou SMART) ? Posez votre candidature et rejoignez notre \u00e9quipe!","breadcrumb":{"@id":"https:\/\/ecoledelangues.be\/fr\/job-etudiants-animateur-langues\/#breadcrumb"},"inLanguage":"fr-FR","potentialAction":[{"@type":"ReadAction","target":["https:\/\/ecoledelangues.be\/fr\/job-etudiants-animateur-langues\/"]}]},{"@type":"BreadcrumbList","@id":"https:\/\/ecoledelangues.be\/fr\/job-etudiants-animateur-langues\/#breadcrumb","itemListElement":[{"@type":"ListItem","position":1,"name":"Home","item":"https:\/\/ecoledelangues.be\/fr\/"},{"@type":"ListItem","position":2,"name":"Job \u00e9tudiants &#8211; animateur langues"}]},{"@type":"WebSite","@id":"https:\/\/ecoledelangues.be\/fr\/#website","url":"https:\/\/ecoledelangues.be\/fr\/","name":"EcoleDeLangues.be","description":"Ecole de langues - cours pour enfants ados et adultes - fran\u00e7ais anglais n\u00e9erlandais","publisher":{"@id":"https:\/\/ecoledelangues.be\/fr\/#organization"},"potentialAction":[{"@type":"SearchAction","target":{"@type":"EntryPoint","urlTemplate":"https:\/\/ecoledelangues.be\/fr\/?s={search_term_string}"},"query-input":{"@type":"PropertyValueSpecification","valueRequired":true,"valueName":"search_term_string"}}],"inLanguage":"fr-FR"},{"@type":"Organization","@id":"https:\/\/ecoledelangues.be\/fr\/#organization","name":"Ecoledelangues.be","alternateName":"Propulse ASBL","url":"https:\/\/ecoledelangues.be\/fr\/","logo":{"@type":"ImageObject","inLanguage":"fr-FR","@id":"https:\/\/ecoledelangues.be\/fr\/#\/schema\/logo\/image\/","url":"https:\/\/ecoledelangues.be\/wp-content\/uploads\/2025\/04\/une-monggolfiere-qui-seleve-dans-le-ciel-qui-quitte-le-sol-couleur-du-ballon-_-orange-ff6e22-et-3cccd6-et-blanc-1.jpg","contentUrl":"https:\/\/ecoledelangues.be\/wp-content\/uploads\/2025\/04\/une-monggolfiere-qui-seleve-dans-le-ciel-qui-quitte-le-sol-couleur-du-ballon-_-orange-ff6e22-et-3cccd6-et-blanc-1.jpg","width":1472,"height":832,"caption":"Ecoledelangues.be"},"image":{"@id":"https:\/\/ecoledelangues.be\/fr\/#\/schema\/logo\/image\/"},"sameAs":["https:\/\/www.facebook.com\/Ecoledelanguesbe\/","https:\/\/www.instagram.com\/ecoledelanguesbe\/","https:\/\/www.linkedin.com\/company\/ecoledelangues-be\/","https:\/\/www.youtube.com\/channel\/UCCDb1VptuozMO6q9MqgltPg"]}]}},"_links":{"self":[{"href":"https:\/\/ecoledelangues.be\/fr\/wp-json\/wp\/v2\/pages\/40039","targetHints":{"allow":["GET"]}}],"collection":[{"href":"https:\/\/ecoledelangues.be\/fr\/wp-json\/wp\/v2\/pages"}],"about":[{"href":"https:\/\/ecoledelangues.be\/fr\/wp-json\/wp\/v2\/types\/page"}],"author":[{"embeddable":true,"href":"https:\/\/ecoledelangues.be\/fr\/wp-json\/wp\/v2\/users\/2"}],"replies":[{"embeddable":true,"href":"https:\/\/ecoledelangues.be\/fr\/wp-json\/wp\/v2\/comments?post=40039"}],"version-history":[{"count":8,"href":"https:\/\/ecoledelangues.be\/fr\/wp-json\/wp\/v2\/pages\/40039\/revisions"}],"predecessor-version":[{"id":41937,"href":"https:\/\/ecoledelangues.be\/fr\/wp-json\/wp\/v2\/pages\/40039\/revisions\/41937"}],"wp:attachment":[{"href":"https:\/\/ecoledelangues.be\/fr\/wp-json\/wp\/v2\/media?parent=40039"}],"curies":[{"name":"wp","href":"https:\/\/api.w.org\/{rel}","templated":true}]}}