{"id":33039,"date":"2020-07-15T08:50:12","date_gmt":"2020-07-15T08:50:12","guid":{"rendered":"https:\/\/ecoledelangues.be\/?page_id=33039"},"modified":"2025-03-10T15:39:48","modified_gmt":"2025-03-10T15:39:48","slug":"test-de-niveau-de-francais","status":"publish","type":"page","link":"https:\/\/ecoledelangues.be\/fr\/test-de-niveau-de-francais\/","title":{"rendered":"Test de niveau de fran\u00e7ais"},"content":{"rendered":"<p><div class=\"fusion-fullwidth fullwidth-box fusion-builder-row-1 hundred-percent-fullwidth non-hundred-percent-height-scrolling\" style=\"--awb-background-position:left top;--awb-border-sizes-top:0px;--awb-border-sizes-bottom:0px;--awb-border-sizes-left:0px;--awb-border-sizes-right:0px;--awb-border-radius-top-left:0px;--awb-border-radius-top-right:0px;--awb-border-radius-bottom-right:0px;--awb-border-radius-bottom-left:0px;--awb-padding-bottom:3.5%;--awb-background-color:#ffffff;--awb-flex-wrap:wrap;\" ><div class=\"fusion-builder-row fusion-row\"><div class=\"fusion-layout-column fusion_builder_column fusion-builder-column-0 fusion_builder_column_1_1 1_1 fusion-one-full fusion-column-first fusion-column-last\" style=\"--awb-bg-size:cover;\"><div class=\"fusion-column-wrapper fusion-column-has-shadow fusion-flex-column-wrapper-legacy\"><div class=\"fusion-sep-clear\"><\/div><div class=\"fusion-separator\" style=\"margin-left: auto;margin-right: auto;margin-bottom:35px;width:100%;max-width:2800px;\"><div class=\"fusion-separator-border sep-single sep-solid\" style=\"--awb-height:20px;--awb-amount:20px;--awb-sep-color:#ff6e22;border-color:#ff6e22;border-top-width:1px;\"><\/div><\/div><div class=\"fusion-sep-clear\"><\/div><div class=\"fusion-text fusion-text-1\"><h2 style=\"text-align: center;\">Test de niveau de fran\u00e7ais<\/h2>\n<\/div><div class=\"fusion-text fusion-text-2\"><p style=\"text-align: center; font-size: 20px;\">Mesurez votre ma\u00eetrise du fran\u00e7ais avec notre test de niveau linguistique gratuit.<\/p>\n<\/div><div class=\"fusion-sep-clear\"><\/div><div class=\"fusion-separator\" style=\"margin-left: auto;margin-right: auto;margin-top:15px;margin-bottom:35px;width:100%;max-width:170px;\"><div class=\"fusion-separator-border sep-single sep-solid\" style=\"--awb-height:20px;--awb-amount:20px;--awb-sep-color:#ef9a3d;border-color:#ef9a3d;border-top-width:1px;\"><\/div><\/div><div class=\"fusion-sep-clear\"><\/div><div class=\"fusion-clearfix\"><\/div><\/div><\/div><div class=\"fusion-layout-column fusion_builder_column fusion-builder-column-1 fusion_builder_column_1_3 1_3 fusion-one-third fusion-column-first\" style=\"--awb-padding-top:37px;--awb-bg-blend:overlay;--awb-bg-size:cover;width:33.333333333333%;width:calc(33.333333333333% - ( ( 0% + 4% ) * 0.33333333333333 ) );margin-right: 0%;\"><div class=\"fusion-column-wrapper fusion-flex-column-wrapper-legacy\"><div class=\"fusion-column-content-centered\"><div class=\"fusion-column-content\"><div class=\"fusion-counters-circle counters-circle\" data-animationOffset=\"top-into-view\"><div class=\"counter-circle-wrapper\" style=\"--awb-font-size:64.545454545455px;--awb-size:284px;\" data-originalsize=\"284\"><div class=\"fusion-counter-circle counter-circle counter-circle-content\" data-percent=\"99\" data-countdown=\"\" data-filledcolor=\"rgba(255,110,34,1)\" data-unfilledcolor=\"rgba(80,88,111,1)\" data-scale=\"\" data-size=\"284\" data-speed=\"35500\" data-strokesize=\"14.2\"><div class=\"fusion-counter-circle-content-inner\">\n<p style=\"color: #ff6e22;\">Ready to start?<\/p>\n<\/div><\/div><\/div><\/div><\/div><\/div><div class=\"fusion-clearfix\"><\/div><\/div><\/div><div class=\"fusion-layout-column fusion_builder_column fusion-builder-column-2 fusion_builder_column_1_6 1_6 fusion-one-sixth\" style=\"--awb-padding-top:37px;--awb-padding-right:27px;--awb-bg-blend:overlay;--awb-bg-size:cover;width:16.666666666667%;width:calc(16.666666666667% - ( ( 0% + 4% ) * 0.16666666666667 ) );margin-right: 4%;\"><div class=\"fusion-column-wrapper fusion-flex-column-wrapper-legacy\"><div class=\"fusion-column-content-centered\"><div class=\"fusion-column-content\"><div class=\"fusion-sep-clear\"><\/div><div class=\"fusion-separator fusion-full-width-sep\" style=\"margin-left: auto;margin-right: auto;width:100%;\"><\/div><div class=\"fusion-sep-clear\"><\/div><div class=\"fusion-fa-align-left\"><i class=\"fb-icon-element-1 fb-icon-element fontawesome-icon fa-angle-double-right fas circle-yes\" style=\"--awb-iconcolor:#ff6e22;--awb-iconcolor-hover:#ff6e22;--awb-circlecolor:rgba(244,244,244,0.01);--awb-circlecolor-hover:rgba(252,252,252,0);--awb-circlebordersize:1px;--awb-font-size:97.68px;--awb-width:195.36px;--awb-height:195.36px;--awb-line-height:193.36px;--awb-margin-right:55.5px;\"><\/i><\/div><\/div><\/div><div class=\"fusion-clearfix\"><\/div><\/div><\/div><div class=\"fusion-layout-column fusion_builder_column fusion-builder-column-3 fusion_builder_column_1_2 1_2 fusion-one-half fusion-column-last\" style=\"--awb-bg-size:cover;width:50%;width:calc(50% - ( ( 0% + 4% ) * 0.5 ) );\"><div class=\"fusion-column-wrapper fusion-flex-column-wrapper-legacy\"><div class=\"fusion-column-content-centered\"><div class=\"fusion-column-content\"><div class=\"fusion-text fusion-text-3\"><h3 class=\"fusion-responsive-typography-calculated\" style=\"--fontsize: 22; line-height: 1.36;\" data-fontsize=\"22\" data-lineheight=\"29.92px\"><span style=\"color: #ff6e22;\">AVANT DE COMMENCER<\/span><\/h3>\n<\/div><div class=\"fusion-text fusion-text-4\"><p><b>Le test de niveau ci-dessous est compos\u00e9 de plusieurs sections<\/b>: un test A2, un test B1 et un test B2.  Si le test A2 est trop compliqu\u00e9, arr\u00eatez-vous. Sinon, continuez!<\/p>\n<p>Une fois que vous avez r\u00e9pondu \u00e0 une question, cliquez sur le lien \u00absuivant\u00bb \u00e0 la fin de la page pour continuer. Lorsque vous avez r\u00e9pondu \u00e0 toutes les questions, <b>cliquez sur le bouton \u00abObtenez votre score\u00bb \u00e0 la fin du test pour connaitre vos points sur 100<\/b>. Vous pouvez revenir \u00e0 une section pr\u00e9c\u00e9dente en s\u00e9lectionnant la section dans la barre de progression au-dessus du test ou en cliquant sur le lien \u00ab\u00a0Section pr\u00e9c\u00e9dente\u00a0\u00bb au bas du test.<\/p>\n<p><b>Votre niveau europ\u00e9en (A1 \u00e0 C1) vous sera communiqu\u00e9 sur demande \u00e0 l&rsquo;adresse info@ecoledelangues.be<\/b><\/p>\n<\/div><\/div><\/div><div class=\"fusion-clearfix\"><\/div><\/div><\/div><\/div><\/div><div class=\"fusion-fullwidth fullwidth-box fusion-builder-row-2 hundred-percent-fullwidth non-hundred-percent-height-scrolling\" style=\"--awb-border-radius-top-left:0px;--awb-border-radius-top-right:0px;--awb-border-radius-bottom-right:0px;--awb-border-radius-bottom-left:0px;--awb-padding-bottom:0px;--awb-margin-bottom:0px;--awb-background-color:#f7f5f4;--awb-flex-wrap:wrap;\" ><div class=\"fusion-builder-row fusion-row\"><div class=\"fusion-layout-column fusion_builder_column fusion-builder-column-4 fusion_builder_column_1_1 1_1 fusion-one-full fusion-column-first fusion-column-last fusion-column-no-min-height\" style=\"--awb-bg-blend:overlay;--awb-bg-size:cover;--awb-margin-bottom:20px;\"><div class=\"fusion-column-wrapper fusion-flex-column-wrapper-legacy\"><div class=\"fusion-section-separator section-separator triangle fusion-section-separator-1\" style=\"--awb-border-bottom:0px solid #ffffff;--awb-spacer-height:0px;--awb-svg-margin-left:0;--awb-svg-margin-right:0;--awb-icon-color:#ff6e22;\"><div class=\"fusion-section-separator-svg\"><div class=\"section-separator-icon icon fa-angle-double-down fas\" aria-hidden=\"true\"><\/div><div class=\"divider-candy-arrow bottom\" style=\"top:0px;border-top-color: #f4f4f4;\"><\/div><div class=\"divider-candy bottom\" style=\"bottom:-20px;border-bottom:1px solid #ffffff;border-left:1px solid #ffffff;\"><\/div><\/div><div class=\"fusion-section-separator-spacer\"><div class=\"fusion-section-separator-spacer-height\"><\/div><\/div><\/div><div class=\"fusion-clearfix\"><\/div><\/div><\/div><\/div><\/div><div class=\"fusion-fullwidth fullwidth-box fusion-builder-row-3 hundred-percent-fullwidth non-hundred-percent-height-scrolling\" style=\"--awb-border-radius-top-left:0px;--awb-border-radius-top-right:0px;--awb-border-radius-bottom-right:0px;--awb-border-radius-bottom-left:0px;--awb-padding-right:0px;--awb-padding-left:0px;--awb-margin-bottom:1px;--awb-background-color:#f4f4f4;--awb-flex-wrap:wrap;\" ><div class=\"fusion-builder-row fusion-row\"><div class=\"fusion-layout-column fusion_builder_column fusion-builder-column-5 fusion_builder_column_1_5 1_5 fusion-one-fifth fusion-column-first\" style=\"--awb-padding-top:36px;--awb-bg-size:cover;width:20%;width:calc(20% - ( ( 4% + 4% ) * 0.2 ) );margin-right: 4%;\"><div class=\"fusion-column-wrapper fusion-column-has-shadow fusion-flex-column-wrapper-legacy\"><div class=\"fusion-column-content-centered\"><div class=\"fusion-column-content\"><\/div><\/div><div class=\"fusion-clearfix\"><\/div><\/div><\/div><div class=\"fusion-layout-column fusion_builder_column fusion-builder-column-6 fusion_builder_column_3_5 3_5 fusion-three-fifth\" style=\"--awb-padding-top:36px;--awb-bg-size:cover;width:60%;width:calc(60% - ( ( 4% + 4% ) * 0.6 ) );margin-right: 4%;\"><div class=\"fusion-column-wrapper fusion-column-has-shadow fusion-flex-column-wrapper-legacy\"><div class=\"fusion-column-content-centered\"><div class=\"fusion-column-content\"><iframe src=\"https:\/\/docs.google.com\/forms\/d\/e\/1FAIpQLSfNA3IDfSFXzQCKIMfuKq-IPX05vjxAVan5nNqc5wcCc5Uv2Q\/viewform?embedded=true\" width=\"100%\" height=\"1520\" frameborder=\"0\" marginheight=\"0\" marginwidth=\"0\" text-align: center;>Chargement\u2026<\/iframe><\/div><\/div><div class=\"fusion-clearfix\"><\/div><\/div><\/div><div class=\"fusion-layout-column fusion_builder_column fusion-builder-column-7 fusion_builder_column_1_5 1_5 fusion-one-fifth fusion-column-last\" style=\"--awb-padding-top:36px;--awb-bg-size:cover;width:20%;width:calc(20% - ( ( 4% + 4% ) * 0.2 ) );\"><div class=\"fusion-column-wrapper fusion-column-has-shadow fusion-flex-column-wrapper-legacy\"><div class=\"fusion-column-content-centered\"><div class=\"fusion-column-content\"><\/div><\/div><div class=\"fusion-clearfix\"><\/div><\/div><\/div><\/div><\/div><div class=\"fusion-fullwidth fullwidth-box fusion-builder-row-4 hundred-percent-fullwidth non-hundred-percent-height-scrolling\" style=\"--awb-border-radius-top-left:0px;--awb-border-radius-top-right:0px;--awb-border-radius-bottom-right:0px;--awb-border-radius-bottom-left:0px;--awb-background-color:#f4f4f4;--awb-flex-wrap:wrap;\" ><div class=\"fusion-builder-row fusion-row\"><div class=\"fusion-layout-column fusion_builder_column fusion-builder-column-8 fusion_builder_column_1_1 1_1 fusion-one-full fusion-column-first fusion-column-last\" style=\"--awb-bg-size:cover;\"><div class=\"fusion-column-wrapper fusion-column-has-shadow fusion-flex-column-wrapper-legacy\"><div class=\"fusion-aligncenter\"><a class=\"fusion-button button-flat fusion-button-default-size button-default fusion-button-default button-1 fusion-button-default-span fusion-button-default-type\" style=\"--button_text_transform:uppercase;\" target=\"_self\"><span class=\"fusion-button-text awb-button__text awb-button__text--default fusion-button-text-right\">\n<p>Vous avez une meilleure id\u00e9e de votre niveau ?<br \/>\nChoisissez un cours!<\/p>\n<\/span><span class=\"fusion-button-icon-divider button-icon-divider-right\"><i class=\"fa-angle-double-right fas awb-button__icon awb-button__icon--default\" aria-hidden=\"true\"><\/i><\/span><\/a><\/div><div class=\"fusion-clearfix\"><\/div><\/div><\/div><\/div><\/div><div class=\"fusion-fullwidth fullwidth-box fusion-builder-row-5 hundred-percent-fullwidth non-hundred-percent-height-scrolling\" style=\"--awb-border-radius-top-left:0px;--awb-border-radius-top-right:0px;--awb-border-radius-bottom-right:0px;--awb-border-radius-bottom-left:0px;--awb-padding-right:0px;--awb-padding-bottom:0px;--awb-padding-left:0px;--awb-margin-bottom:0px;--awb-background-color:f4f4f4;--awb-flex-wrap:wrap;\" ><div class=\"fusion-builder-row fusion-row\"><div class=\"fusion-layout-column fusion_builder_column fusion-builder-column-9 fusion_builder_column_1_1 1_1 fusion-one-full fusion-column-first fusion-column-last\" style=\"--awb-bg-color:#f4f4f4;--awb-bg-color-hover:#f4f4f4;--awb-bg-size:cover;\"><div class=\"fusion-column-wrapper fusion-column-has-shadow fusion-flex-column-wrapper-legacy\"><div class=\"fusion-section-separator section-separator clouds fusion-section-separator-2\" style=\"--awb-spacer-height:99px;--awb-svg-margin-left:0;--awb-svg-margin-right:0;--awb-divider-height:99px;--awb-spacer-padding-top:inherit;--awb-sep-padding:0;--awb-svg-padding:0;\"><div class=\"fusion-section-separator-svg\"><svg class=\"fusion-clouds-candy\" xmlns=\"http:\/\/www.w3.org\/2000\/svg\" version=\"1.1\" width=\"100%\" height=\"100\" viewBox=\"0 0 100 100\" preserveAspectRatio=\"none\" fill=\"rgba(61,66,79,1)\"><path d=\"M-5 100 Q 0 20 5 100 Z\"><\/path>\n\t\t\t\t\t\t\t\t<path d=\"M0 100 Q 5 0 10 100\"><\/path>\n\t\t\t\t\t\t\t\t<path d=\"M5 100 Q 10 30 15 100\"><\/path>\n\t\t\t\t\t\t\t\t<path d=\"M10 100 Q 15 10 20 100\"><\/path>\n\t\t\t\t\t\t\t\t<path d=\"M15 100 Q 20 30 25 100\"><\/path>\n\t\t\t\t\t\t\t\t<path d=\"M20 100 Q 25 -10 30 100\"><\/path>\n\t\t\t\t\t\t\t\t<path d=\"M25 100 Q 30 10 35 100\"><\/path>\n\t\t\t\t\t\t\t\t<path d=\"M30 100 Q 35 30 40 100\"><\/path>\n\t\t\t\t\t\t\t\t<path d=\"M35 100 Q 40 10 45 100\"><\/path>\n\t\t\t\t\t\t\t\t<path d=\"M40 100 Q 45 50 50 100\"><\/path>\n\t\t\t\t\t\t\t\t<path d=\"M45 100 Q 50 20 55 100\"><\/path>\n\t\t\t\t\t\t\t\t<path d=\"M50 100 Q 55 40 60 100\"><\/path>\n\t\t\t\t\t\t\t\t<path d=\"M55 100 Q 60 60 65 100\"><\/path>\n\t\t\t\t\t\t\t\t<path d=\"M60 100 Q 65 50 70 100\"><\/path>\n\t\t\t\t\t\t\t\t<path d=\"M65 100 Q 70 20 75 100\"><\/path>\n\t\t\t\t\t\t\t\t<path d=\"M70 100 Q 75 45 80 100\"><\/path>\n\t\t\t\t\t\t\t\t<path d=\"M75 100 Q 80 30 85 100\"><\/path>\n\t\t\t\t\t\t\t\t<path d=\"M80 100 Q 85 20 90 100\"><\/path>\n\t\t\t\t\t\t\t\t<path d=\"M85 100 Q 90 50 95 100\"><\/path>\n\t\t\t\t\t\t\t\t<path d=\"M90 100 Q 95 25 100 100\"><\/path>\n\t\t\t\t\t\t\t\t<path d=\"M95 100 Q 100 15 105 100 Z\"><\/path><\/svg><\/div><div class=\"fusion-section-separator-spacer\"><div class=\"fusion-section-separator-spacer-height\"><\/div><\/div><\/div><div class=\"fusion-clearfix\"><\/div><\/div><\/div><\/div><\/div><\/p>\n","protected":false},"excerpt":{"rendered":"","protected":false},"author":2,"featured_media":0,"parent":0,"menu_order":0,"comment_status":"closed","ping_status":"closed","template":"100-width.php","meta":{"footnotes":""},"class_list":["post-33039","page","type-page","status-publish","hentry"],"yoast_head":"<!-- This site is optimized with the Yoast SEO plugin v27.3 - https:\/\/yoast.com\/product\/yoast-seo-wordpress\/ -->\n<title>Test de niveau de fran\u00e7ais - EcoleDeLangues.be<\/title>\n<meta name=\"robots\" content=\"index, follow, max-snippet:-1, max-image-preview:large, max-video-preview:-1\" \/>\n<link rel=\"canonical\" href=\"https:\/\/ecoledelangues.be\/fr\/test-de-niveau-de-francais\/\" \/>\n<meta property=\"og:locale\" content=\"fr_FR\" \/>\n<meta property=\"og:type\" content=\"article\" \/>\n<meta property=\"og:title\" content=\"Test de niveau de fran\u00e7ais - EcoleDeLangues.be\" \/>\n<meta property=\"og:url\" content=\"https:\/\/ecoledelangues.be\/fr\/test-de-niveau-de-francais\/\" \/>\n<meta property=\"og:site_name\" content=\"EcoleDeLangues.be\" \/>\n<meta property=\"article:publisher\" content=\"https:\/\/www.facebook.com\/Ecoledelanguesbe\/\" \/>\n<meta property=\"article:modified_time\" content=\"2025-03-10T15:39:48+00:00\" \/>\n<meta property=\"og:image\" content=\"https:\/\/ecoledelangues.be\/wp-content\/uploads\/2025\/04\/une-monggolfiere-qui-seleve-dans-le-ciel-qui-quitte-le-sol-couleur-du-ballon-_-orange-ff6e22-et-3cccd6-et-blanc-1.jpg\" \/>\n\t<meta property=\"og:image:width\" content=\"1472\" \/>\n\t<meta property=\"og:image:height\" content=\"832\" \/>\n\t<meta property=\"og:image:type\" content=\"image\/jpeg\" \/>\n<meta name=\"twitter:card\" content=\"summary_large_image\" \/>\n<meta name=\"twitter:label1\" content=\"Dur\u00e9e de lecture estim\u00e9e\" \/>\n\t<meta name=\"twitter:data1\" content=\"5 minutes\" \/>\n<script type=\"application\/ld+json\" class=\"yoast-schema-graph\">{\"@context\":\"https:\\\/\\\/schema.org\",\"@graph\":[{\"@type\":\"WebPage\",\"@id\":\"https:\\\/\\\/ecoledelangues.be\\\/fr\\\/test-de-niveau-de-francais\\\/\",\"url\":\"https:\\\/\\\/ecoledelangues.be\\\/fr\\\/test-de-niveau-de-francais\\\/\",\"name\":\"Test de niveau de fran\u00e7ais - EcoleDeLangues.be\",\"isPartOf\":{\"@id\":\"https:\\\/\\\/ecoledelangues.be\\\/fr\\\/#website\"},\"datePublished\":\"2020-07-15T08:50:12+00:00\",\"dateModified\":\"2025-03-10T15:39:48+00:00\",\"breadcrumb\":{\"@id\":\"https:\\\/\\\/ecoledelangues.be\\\/fr\\\/test-de-niveau-de-francais\\\/#breadcrumb\"},\"inLanguage\":\"fr-FR\",\"potentialAction\":[{\"@type\":\"ReadAction\",\"target\":[\"https:\\\/\\\/ecoledelangues.be\\\/fr\\\/test-de-niveau-de-francais\\\/\"]}]},{\"@type\":\"BreadcrumbList\",\"@id\":\"https:\\\/\\\/ecoledelangues.be\\\/fr\\\/test-de-niveau-de-francais\\\/#breadcrumb\",\"itemListElement\":[{\"@type\":\"ListItem\",\"position\":1,\"name\":\"Home\",\"item\":\"https:\\\/\\\/ecoledelangues.be\\\/fr\\\/\"},{\"@type\":\"ListItem\",\"position\":2,\"name\":\"Test de niveau de fran\u00e7ais\"}]},{\"@type\":\"WebSite\",\"@id\":\"https:\\\/\\\/ecoledelangues.be\\\/fr\\\/#website\",\"url\":\"https:\\\/\\\/ecoledelangues.be\\\/fr\\\/\",\"name\":\"EcoleDeLangues.be\",\"description\":\"Ecole de langues - cours pour enfants ados et adultes - fran\u00e7ais anglais n\u00e9erlandais\",\"publisher\":{\"@id\":\"https:\\\/\\\/ecoledelangues.be\\\/fr\\\/#organization\"},\"potentialAction\":[{\"@type\":\"SearchAction\",\"target\":{\"@type\":\"EntryPoint\",\"urlTemplate\":\"https:\\\/\\\/ecoledelangues.be\\\/fr\\\/?s={search_term_string}\"},\"query-input\":{\"@type\":\"PropertyValueSpecification\",\"valueRequired\":true,\"valueName\":\"search_term_string\"}}],\"inLanguage\":\"fr-FR\"},{\"@type\":\"Organization\",\"@id\":\"https:\\\/\\\/ecoledelangues.be\\\/fr\\\/#organization\",\"name\":\"Ecoledelangues.be\",\"alternateName\":\"Propulse ASBL\",\"url\":\"https:\\\/\\\/ecoledelangues.be\\\/fr\\\/\",\"logo\":{\"@type\":\"ImageObject\",\"inLanguage\":\"fr-FR\",\"@id\":\"https:\\\/\\\/ecoledelangues.be\\\/fr\\\/#\\\/schema\\\/logo\\\/image\\\/\",\"url\":\"https:\\\/\\\/ecoledelangues.be\\\/wp-content\\\/uploads\\\/2025\\\/04\\\/une-monggolfiere-qui-seleve-dans-le-ciel-qui-quitte-le-sol-couleur-du-ballon-_-orange-ff6e22-et-3cccd6-et-blanc-1.jpg\",\"contentUrl\":\"https:\\\/\\\/ecoledelangues.be\\\/wp-content\\\/uploads\\\/2025\\\/04\\\/une-monggolfiere-qui-seleve-dans-le-ciel-qui-quitte-le-sol-couleur-du-ballon-_-orange-ff6e22-et-3cccd6-et-blanc-1.jpg\",\"width\":1472,\"height\":832,\"caption\":\"Ecoledelangues.be\"},\"image\":{\"@id\":\"https:\\\/\\\/ecoledelangues.be\\\/fr\\\/#\\\/schema\\\/logo\\\/image\\\/\"},\"sameAs\":[\"https:\\\/\\\/www.facebook.com\\\/Ecoledelanguesbe\\\/\",\"https:\\\/\\\/www.instagram.com\\\/ecoledelanguesbe\\\/\",\"https:\\\/\\\/www.linkedin.com\\\/company\\\/ecoledelangues-be\\\/\",\"https:\\\/\\\/www.youtube.com\\\/channel\\\/UCCDb1VptuozMO6q9MqgltPg\"]}]}<\/script>\n<!-- \/ Yoast SEO plugin. -->","yoast_head_json":{"title":"Test de niveau de fran\u00e7ais - EcoleDeLangues.be","robots":{"index":"index","follow":"follow","max-snippet":"max-snippet:-1","max-image-preview":"max-image-preview:large","max-video-preview":"max-video-preview:-1"},"canonical":"https:\/\/ecoledelangues.be\/fr\/test-de-niveau-de-francais\/","og_locale":"fr_FR","og_type":"article","og_title":"Test de niveau de fran\u00e7ais - EcoleDeLangues.be","og_url":"https:\/\/ecoledelangues.be\/fr\/test-de-niveau-de-francais\/","og_site_name":"EcoleDeLangues.be","article_publisher":"https:\/\/www.facebook.com\/Ecoledelanguesbe\/","article_modified_time":"2025-03-10T15:39:48+00:00","og_image":[{"width":1472,"height":832,"url":"https:\/\/ecoledelangues.be\/wp-content\/uploads\/2025\/04\/une-monggolfiere-qui-seleve-dans-le-ciel-qui-quitte-le-sol-couleur-du-ballon-_-orange-ff6e22-et-3cccd6-et-blanc-1.jpg","type":"image\/jpeg"}],"twitter_card":"summary_large_image","twitter_misc":{"Dur\u00e9e de lecture estim\u00e9e":"5 minutes"},"schema":{"@context":"https:\/\/schema.org","@graph":[{"@type":"WebPage","@id":"https:\/\/ecoledelangues.be\/fr\/test-de-niveau-de-francais\/","url":"https:\/\/ecoledelangues.be\/fr\/test-de-niveau-de-francais\/","name":"Test de niveau de fran\u00e7ais - EcoleDeLangues.be","isPartOf":{"@id":"https:\/\/ecoledelangues.be\/fr\/#website"},"datePublished":"2020-07-15T08:50:12+00:00","dateModified":"2025-03-10T15:39:48+00:00","breadcrumb":{"@id":"https:\/\/ecoledelangues.be\/fr\/test-de-niveau-de-francais\/#breadcrumb"},"inLanguage":"fr-FR","potentialAction":[{"@type":"ReadAction","target":["https:\/\/ecoledelangues.be\/fr\/test-de-niveau-de-francais\/"]}]},{"@type":"BreadcrumbList","@id":"https:\/\/ecoledelangues.be\/fr\/test-de-niveau-de-francais\/#breadcrumb","itemListElement":[{"@type":"ListItem","position":1,"name":"Home","item":"https:\/\/ecoledelangues.be\/fr\/"},{"@type":"ListItem","position":2,"name":"Test de niveau de fran\u00e7ais"}]},{"@type":"WebSite","@id":"https:\/\/ecoledelangues.be\/fr\/#website","url":"https:\/\/ecoledelangues.be\/fr\/","name":"EcoleDeLangues.be","description":"Ecole de langues - cours pour enfants ados et adultes - fran\u00e7ais anglais n\u00e9erlandais","publisher":{"@id":"https:\/\/ecoledelangues.be\/fr\/#organization"},"potentialAction":[{"@type":"SearchAction","target":{"@type":"EntryPoint","urlTemplate":"https:\/\/ecoledelangues.be\/fr\/?s={search_term_string}"},"query-input":{"@type":"PropertyValueSpecification","valueRequired":true,"valueName":"search_term_string"}}],"inLanguage":"fr-FR"},{"@type":"Organization","@id":"https:\/\/ecoledelangues.be\/fr\/#organization","name":"Ecoledelangues.be","alternateName":"Propulse ASBL","url":"https:\/\/ecoledelangues.be\/fr\/","logo":{"@type":"ImageObject","inLanguage":"fr-FR","@id":"https:\/\/ecoledelangues.be\/fr\/#\/schema\/logo\/image\/","url":"https:\/\/ecoledelangues.be\/wp-content\/uploads\/2025\/04\/une-monggolfiere-qui-seleve-dans-le-ciel-qui-quitte-le-sol-couleur-du-ballon-_-orange-ff6e22-et-3cccd6-et-blanc-1.jpg","contentUrl":"https:\/\/ecoledelangues.be\/wp-content\/uploads\/2025\/04\/une-monggolfiere-qui-seleve-dans-le-ciel-qui-quitte-le-sol-couleur-du-ballon-_-orange-ff6e22-et-3cccd6-et-blanc-1.jpg","width":1472,"height":832,"caption":"Ecoledelangues.be"},"image":{"@id":"https:\/\/ecoledelangues.be\/fr\/#\/schema\/logo\/image\/"},"sameAs":["https:\/\/www.facebook.com\/Ecoledelanguesbe\/","https:\/\/www.instagram.com\/ecoledelanguesbe\/","https:\/\/www.linkedin.com\/company\/ecoledelangues-be\/","https:\/\/www.youtube.com\/channel\/UCCDb1VptuozMO6q9MqgltPg"]}]}},"_links":{"self":[{"href":"https:\/\/ecoledelangues.be\/fr\/wp-json\/wp\/v2\/pages\/33039","targetHints":{"allow":["GET"]}}],"collection":[{"href":"https:\/\/ecoledelangues.be\/fr\/wp-json\/wp\/v2\/pages"}],"about":[{"href":"https:\/\/ecoledelangues.be\/fr\/wp-json\/wp\/v2\/types\/page"}],"author":[{"embeddable":true,"href":"https:\/\/ecoledelangues.be\/fr\/wp-json\/wp\/v2\/users\/2"}],"replies":[{"embeddable":true,"href":"https:\/\/ecoledelangues.be\/fr\/wp-json\/wp\/v2\/comments?post=33039"}],"version-history":[{"count":10,"href":"https:\/\/ecoledelangues.be\/fr\/wp-json\/wp\/v2\/pages\/33039\/revisions"}],"predecessor-version":[{"id":44164,"href":"https:\/\/ecoledelangues.be\/fr\/wp-json\/wp\/v2\/pages\/33039\/revisions\/44164"}],"wp:attachment":[{"href":"https:\/\/ecoledelangues.be\/fr\/wp-json\/wp\/v2\/media?parent=33039"}],"curies":[{"name":"wp","href":"https:\/\/api.w.org\/{rel}","templated":true}]}}