{"id":1242,"date":"2013-01-15T13:49:03","date_gmt":"2012-11-17T12:41:50","guid":{"rendered":"https:\/\/ecoledelangues.be\/?page_id=1242"},"modified":"2017-07-13T13:26:37","modified_gmt":"2017-07-13T12:26:37","slug":"cours-de-francais-pour-les-stagiaires","status":"publish","type":"page","link":"https:\/\/ecoledelangues.be\/fr\/cours-de-francais-pour-les-stagiaires\/","title":{"rendered":"Cours de fran\u00e7ais pour les stagiaires"},"content":{"rendered":"<div class=\"secton_make\">\n<h2>Des cours de fran\u00e7ais enti\u00e8rement sur mesure pour s&rsquo;adapter \u00e0 votre p\u00e9riode de stage \u00e0 Bruxelles!<img decoding=\"async\" class=\"lazyload  wp-image-5476 alignright\" src=\"data:image\/svg+xml,%3Csvg%20xmlns%3D%27http%3A%2F%2Fwww.w3.org%2F2000%2Fsvg%27%20width%3D%27356%27%20height%3D%27200%27%20viewBox%3D%270%200%20356%20200%27%3E%3Crect%20width%3D%27356%27%20height%3D%27200%27%20fill-opacity%3D%220%22%2F%3E%3C%2Fsvg%3E\" data-orig-src=\"https:\/\/ecoledelangues.be\/wp-content\/uploads\/2013\/01\/Summer-Interns.jpg\" alt=\"\" width=\"356\" height=\"200\" \/><\/h2>\n<div class=\"inner_points\">\n<ul>\n<p style=\"padding-left: 30px;\">\n<li>Des cours de <strong>2 heures<\/strong><\/li>\n<li>Des modules de <strong>minimum 30<\/strong> heures<\/li>\n<li>Un <a href=\"https:\/\/ecoledelangues.be\/fr\/des-cours-personnalises\/\">mat\u00e9riel adapt\u00e9<\/a>,<\/li>\n<li>Du fran\u00e7ais g\u00e9n\u00e9ral ou du fran\u00e7ais sp\u00e9cialis\u00e9<\/li>\n<li>Sur votre lieu de travail ou dans <a href=\"https:\/\/www.google.be\/maps\/place\/EcoleDeLangues.be+centre+de+formation+cours+de+fran%C3%A7ais+Anglais+n%C3%A9erlandais\/@50.8576878,4.3971619,16z\/data=!4m8!1m2!2m1!1scentre+de+formation+ecoldelangues.be+maps!3m4!1s0x0:0xe2b2d694cd2a6105!8m2!3d50.8575737!4d4.400125\">nos locaux<\/a><\/li>\n<li>Par <strong>groupes<\/strong> (au plus vous \u00eates, au plus le prix est int\u00e9ressant)<\/li>\n<li>Et \u00e0 des <strong>horaires flexibles<\/strong><\/li>\n<\/ul>\n<\/div>\n<p style=\"text-align: justify;\">Vous \u00eates en Belgique pour quelques mois, le temps d\u2019un <strong>stage \u00e0 la Commission europ\u00e9enne, au Parlement ou ailleurs<\/strong>\u00a0?\u00a0 Vous formez un groupe (max 8) et nous vous faisons un devis, adapt\u00e9 \u00e0 vos besoins et \u00e0 vos possibilit\u00e9s. \u00a0<strong>Nous vous proposons une formule adapt\u00e9e \u00e0 vos moyens et compl\u00e8tement sur mesure<\/strong>!<\/p>\n<\/div>\n<div class=\"secton_make\">\n<div class=\"course_left\">\n<strong>Des cours de fran\u00e7ais sur mesure<\/strong><\/p>\n<p style=\"padding-left: 30px; text-align: justify;\">Par petits groupes avec votre formateur, apprenez \u00e0 parler fran\u00e7ais gr\u00e2ce \u00e0 des cours sur mesure. Les cours seront adapt\u00e9s \u00e0 vos besoins professionnels et vous feront interagir en fran\u00e7ais entre coll\u00e8gues. Un bon moyen de vous pr\u00e9parer \u00e0 communiquer en fran\u00e7ais au Parlement europ\u00e9en, \u00e0 la Commission ou ailleurs !<\/p>\n<p style=\"padding-left: 30px; text-align: justify;\">Comme pour nos autres formules, vous avez la possibilit\u00e9 de choisir entre deux options : <a title=\"Fran\u00e7ais g\u00e9n\u00e9ral et fran\u00e7ais sp\u00e9cialis\u00e9\" href=\"https:\/\/ecoledelangues.be\/francais-general-et-francais-specialise\/\">fran\u00e7ais g\u00e9n\u00e9ral ou fran\u00e7ais sp\u00e9cialis\u00e9<\/a>.<\/p>\n<\/div>\n<div class=\"course_rght\"><img class=\"lazyload\" decoding=\"async\" src=\"data:image\/gif;base64,R0lGODlhAQABAAAAACH5BAEKAAEALAAAAAABAAEAAAICTAEAOw==\" data-orig-src=\"https:\/\/ecoledelangues.be\/wp-content\/uploads\/2016\/07\/course_made.png\" alt=\"...\" \/><\/div>\n<\/div>\n<div class=\"secton_make\">\n<div class=\"flexible_left\"><img class=\"lazyload\" decoding=\"async\" src=\"data:image\/gif;base64,R0lGODlhAQABAAAAACH5BAEKAAEALAAAAAABAAEAAAICTAEAOw==\" data-orig-src=\"https:\/\/ecoledelangues.be\/wp-content\/uploads\/2016\/08\/flexible-time-1.png\" alt=\"...\" \/><\/div>\n<div class=\"flexible_rght\"><strong>Nous nous adaptons \u00e0 vos horaires.<\/strong><\/p>\n<p style=\"padding-left: 30px; text-align: justify;\">Les cours durent deux heures et se d\u00e9roulent en soir\u00e9e, apr\u00e8s les heures de travail. \u00a0Nos horaires sont les v\u00f4tres : nous mettrons tout en \u0153uvre pour trouver un moment qui vous convient.<\/p>\n<\/div>\n<\/div>\n<div class=\"secton_make\">\n<div class=\"course_left\">\n<p><strong>Nos cours\u00a0se d\u00e9roulent sur votre lieu de travail ou dans nos locaux<\/strong><\/p>\n<p style=\"padding-left: 30px; text-align: justify;\">Pas besoin de se d\u00e9placer et plus de pertes de temps dans les embouteillages, plus non plus de stress au volant ou dans les transports en commun. <strong>EcoleDeLangues.be vient \u00e0 vous en se d\u00e9pla\u00e7ant \u00e0 l&rsquo;endroit o\u00f9 vous travaillez!<\/strong><\/p>\n<p style=\"padding-left: 30px;\">Vous n&rsquo;avez pas cette possibilit\u00e9? <strong>Venez d\u00e9couvrir nos locaux<\/strong>, <a href=\"https:\/\/www.google.be\/maps\/place\/EcoleDeLangues.be+centre+de+formation+cours+de+fran%C3%A7ais+Anglais+n%C3%A9erlandais\/@50.8576878,4.3971619,16z\/data=!4m8!1m2!2m1!1scentre+de+formation+ecoldelangues.be+maps!3m4!1s0x0:0xe2b2d694cd2a6105!8m2!3d50.8575737!4d4.400125\">rue Henri Ch\u00f4m\u00e9, 56 \u00e0 Schaerbeek<\/a>. Nous sommes situ\u00e9s entre l&rsquo;OTAN et la Commission europ\u00e9enne!<\/p>\n<\/div>\n<div class=\"course_rght\"><img class=\"lazyload\" decoding=\"async\" src=\"data:image\/gif;base64,R0lGODlhAQABAAAAACH5BAEKAAEALAAAAAABAAEAAAICTAEAOw==\" data-orig-src=\"https:\/\/ecoledelangues.be\/wp-content\/uploads\/2016\/08\/course-made-1.png\" alt=\"...\" \/><\/div>\n<\/div>\n<div class=\"secton_make\">\n<h2>Comment participer ?<\/h2>\n<div class=\"lesson_bot_btn\">\n<h4>Vos amis et  vous-m\u00eame voulez cr\u00e9er un cours?<\/h4>\n<p><a class=\"lesson_ext brk_non\" href=\"https:\/\/ecoledelangues.be\/contact-us\/\">Contactez-nous<\/a>\n<\/div>\n<\/div>\n","protected":false},"excerpt":{"rendered":"<p>Des cours de fran\u00e7ais enti\u00e8rement sur mesure pour s&rsquo;adapter \u00e0 votre p\u00e9riode de stage \u00e0 Bruxelles! Des cours de 2 heures Des modules de minimum 30   [&#8230;]<\/p>\n","protected":false},"author":2,"featured_media":0,"parent":0,"menu_order":0,"comment_status":"closed","ping_status":"closed","template":"","meta":{"footnotes":""},"class_list":["post-1242","page","type-page","status-publish","hentry"],"yoast_head":"<!-- This site is optimized with the Yoast SEO plugin v27.4 - https:\/\/yoast.com\/product\/yoast-seo-wordpress\/ -->\n<title>Cours de fran\u00e7ais pour stagiaires<\/title>\n<meta name=\"description\" content=\"Des cours de fran\u00e7ais enti\u00e8rement sur mesure pour s&#039;adapter \u00e0 votre p\u00e9riode de stage \u00e0 Bruxelles! Des cours de 2 heures, Des modules de minimum 30 heures, Un test de niveau gratuit au d\u00e9but et \u00e0 la fin du cours, Un mat\u00e9riel adapt\u00e9, Du fran\u00e7ais g\u00e9n\u00e9ral ou du fran\u00e7ais sp\u00e9cialis\u00e9, Sur votre lieu de travail, Par groupes (au plus vous \u00eates, au plus le prix est int\u00e9ressant), Et \u00e0 des horaires flexibles\" \/>\n<meta name=\"robots\" content=\"index, follow, max-snippet:-1, max-image-preview:large, max-video-preview:-1\" \/>\n<link rel=\"canonical\" href=\"https:\/\/ecoledelangues.be\/fr\/cours-de-francais-pour-les-stagiaires\/\" \/>\n<meta property=\"og:locale\" content=\"fr_FR\" \/>\n<meta property=\"og:type\" content=\"article\" \/>\n<meta property=\"og:title\" content=\"Cours de fran\u00e7ais pour stagiaires\" \/>\n<meta property=\"og:description\" content=\"Des cours de fran\u00e7ais enti\u00e8rement sur mesure pour s&#039;adapter \u00e0 votre p\u00e9riode de stage \u00e0 Bruxelles! Des cours de 2 heures, Des modules de minimum 30 heures, Un test de niveau gratuit au d\u00e9but et \u00e0 la fin du cours, Un mat\u00e9riel adapt\u00e9, Du fran\u00e7ais g\u00e9n\u00e9ral ou du fran\u00e7ais sp\u00e9cialis\u00e9, Sur votre lieu de travail, Par groupes (au plus vous \u00eates, au plus le prix est int\u00e9ressant), Et \u00e0 des horaires flexibles\" \/>\n<meta property=\"og:url\" content=\"https:\/\/ecoledelangues.be\/fr\/cours-de-francais-pour-les-stagiaires\/\" \/>\n<meta property=\"og:site_name\" content=\"EcoleDeLangues.be\" \/>\n<meta property=\"article:publisher\" content=\"https:\/\/www.facebook.com\/Ecoledelanguesbe\/\" \/>\n<meta property=\"article:modified_time\" content=\"2017-07-13T12:26:37+00:00\" \/>\n<meta property=\"og:image\" content=\"https:\/\/ecoledelangues.be\/wp-content\/uploads\/2013\/01\/Summer-Interns.jpg\" \/>\n<meta name=\"twitter:card\" content=\"summary_large_image\" \/>\n<meta name=\"twitter:label1\" content=\"Dur\u00e9e de lecture estim\u00e9e\" \/>\n\t<meta name=\"twitter:data1\" content=\"2 minutes\" \/>\n<script type=\"application\/ld+json\" class=\"yoast-schema-graph\">{\"@context\":\"https:\\\/\\\/schema.org\",\"@graph\":[{\"@type\":\"WebPage\",\"@id\":\"https:\\\/\\\/ecoledelangues.be\\\/fr\\\/cours-de-francais-pour-les-stagiaires\\\/\",\"url\":\"https:\\\/\\\/ecoledelangues.be\\\/fr\\\/cours-de-francais-pour-les-stagiaires\\\/\",\"name\":\"Cours de fran\u00e7ais pour stagiaires\",\"isPartOf\":{\"@id\":\"https:\\\/\\\/ecoledelangues.be\\\/fr\\\/#website\"},\"primaryImageOfPage\":{\"@id\":\"https:\\\/\\\/ecoledelangues.be\\\/fr\\\/cours-de-francais-pour-les-stagiaires\\\/#primaryimage\"},\"image\":{\"@id\":\"https:\\\/\\\/ecoledelangues.be\\\/fr\\\/cours-de-francais-pour-les-stagiaires\\\/#primaryimage\"},\"thumbnailUrl\":\"https:\\\/\\\/ecoledelangues.be\\\/wp-content\\\/uploads\\\/2013\\\/01\\\/Summer-Interns.jpg\",\"datePublished\":\"2012-11-17T12:41:50+00:00\",\"dateModified\":\"2017-07-13T12:26:37+00:00\",\"description\":\"Des cours de fran\u00e7ais enti\u00e8rement sur mesure pour s'adapter \u00e0 votre p\u00e9riode de stage \u00e0 Bruxelles! Des cours de 2 heures, Des modules de minimum 30 heures, Un test de niveau gratuit au d\u00e9but et \u00e0 la fin du cours, Un mat\u00e9riel adapt\u00e9, Du fran\u00e7ais g\u00e9n\u00e9ral ou du fran\u00e7ais sp\u00e9cialis\u00e9, Sur votre lieu de travail, Par groupes (au plus vous \u00eates, au plus le prix est int\u00e9ressant), Et \u00e0 des horaires flexibles\",\"breadcrumb\":{\"@id\":\"https:\\\/\\\/ecoledelangues.be\\\/fr\\\/cours-de-francais-pour-les-stagiaires\\\/#breadcrumb\"},\"inLanguage\":\"fr-FR\",\"potentialAction\":[{\"@type\":\"ReadAction\",\"target\":[\"https:\\\/\\\/ecoledelangues.be\\\/fr\\\/cours-de-francais-pour-les-stagiaires\\\/\"]}]},{\"@type\":\"ImageObject\",\"inLanguage\":\"fr-FR\",\"@id\":\"https:\\\/\\\/ecoledelangues.be\\\/fr\\\/cours-de-francais-pour-les-stagiaires\\\/#primaryimage\",\"url\":\"https:\\\/\\\/ecoledelangues.be\\\/wp-content\\\/uploads\\\/2013\\\/01\\\/Summer-Interns.jpg\",\"contentUrl\":\"https:\\\/\\\/ecoledelangues.be\\\/wp-content\\\/uploads\\\/2013\\\/01\\\/Summer-Interns.jpg\"},{\"@type\":\"BreadcrumbList\",\"@id\":\"https:\\\/\\\/ecoledelangues.be\\\/fr\\\/cours-de-francais-pour-les-stagiaires\\\/#breadcrumb\",\"itemListElement\":[{\"@type\":\"ListItem\",\"position\":1,\"name\":\"Home\",\"item\":\"https:\\\/\\\/ecoledelangues.be\\\/fr\\\/\"},{\"@type\":\"ListItem\",\"position\":2,\"name\":\"Cours de fran\u00e7ais pour les stagiaires\"}]},{\"@type\":\"WebSite\",\"@id\":\"https:\\\/\\\/ecoledelangues.be\\\/fr\\\/#website\",\"url\":\"https:\\\/\\\/ecoledelangues.be\\\/fr\\\/\",\"name\":\"EcoleDeLangues.be\",\"description\":\"Ecole de langues - cours pour enfants ados et adultes - fran\u00e7ais anglais n\u00e9erlandais\",\"publisher\":{\"@id\":\"https:\\\/\\\/ecoledelangues.be\\\/fr\\\/#organization\"},\"potentialAction\":[{\"@type\":\"SearchAction\",\"target\":{\"@type\":\"EntryPoint\",\"urlTemplate\":\"https:\\\/\\\/ecoledelangues.be\\\/fr\\\/?s={search_term_string}\"},\"query-input\":{\"@type\":\"PropertyValueSpecification\",\"valueRequired\":true,\"valueName\":\"search_term_string\"}}],\"inLanguage\":\"fr-FR\"},{\"@type\":\"Organization\",\"@id\":\"https:\\\/\\\/ecoledelangues.be\\\/fr\\\/#organization\",\"name\":\"Ecoledelangues.be\",\"alternateName\":\"Propulse ASBL\",\"url\":\"https:\\\/\\\/ecoledelangues.be\\\/fr\\\/\",\"logo\":{\"@type\":\"ImageObject\",\"inLanguage\":\"fr-FR\",\"@id\":\"https:\\\/\\\/ecoledelangues.be\\\/fr\\\/#\\\/schema\\\/logo\\\/image\\\/\",\"url\":\"https:\\\/\\\/ecoledelangues.be\\\/wp-content\\\/uploads\\\/2025\\\/04\\\/une-monggolfiere-qui-seleve-dans-le-ciel-qui-quitte-le-sol-couleur-du-ballon-_-orange-ff6e22-et-3cccd6-et-blanc-1.jpg\",\"contentUrl\":\"https:\\\/\\\/ecoledelangues.be\\\/wp-content\\\/uploads\\\/2025\\\/04\\\/une-monggolfiere-qui-seleve-dans-le-ciel-qui-quitte-le-sol-couleur-du-ballon-_-orange-ff6e22-et-3cccd6-et-blanc-1.jpg\",\"width\":1472,\"height\":832,\"caption\":\"Ecoledelangues.be\"},\"image\":{\"@id\":\"https:\\\/\\\/ecoledelangues.be\\\/fr\\\/#\\\/schema\\\/logo\\\/image\\\/\"},\"sameAs\":[\"https:\\\/\\\/www.facebook.com\\\/Ecoledelanguesbe\\\/\",\"https:\\\/\\\/www.instagram.com\\\/ecoledelanguesbe\\\/\",\"https:\\\/\\\/www.linkedin.com\\\/company\\\/ecoledelangues-be\\\/\",\"https:\\\/\\\/www.youtube.com\\\/channel\\\/UCCDb1VptuozMO6q9MqgltPg\"]}]}<\/script>\n<!-- \/ Yoast SEO plugin. -->","yoast_head_json":{"title":"Cours de fran\u00e7ais pour stagiaires","description":"Des cours de fran\u00e7ais enti\u00e8rement sur mesure pour s'adapter \u00e0 votre p\u00e9riode de stage \u00e0 Bruxelles! Des cours de 2 heures, Des modules de minimum 30 heures, Un test de niveau gratuit au d\u00e9but et \u00e0 la fin du cours, Un mat\u00e9riel adapt\u00e9, Du fran\u00e7ais g\u00e9n\u00e9ral ou du fran\u00e7ais sp\u00e9cialis\u00e9, Sur votre lieu de travail, Par groupes (au plus vous \u00eates, au plus le prix est int\u00e9ressant), Et \u00e0 des horaires flexibles","robots":{"index":"index","follow":"follow","max-snippet":"max-snippet:-1","max-image-preview":"max-image-preview:large","max-video-preview":"max-video-preview:-1"},"canonical":"https:\/\/ecoledelangues.be\/fr\/cours-de-francais-pour-les-stagiaires\/","og_locale":"fr_FR","og_type":"article","og_title":"Cours de fran\u00e7ais pour stagiaires","og_description":"Des cours de fran\u00e7ais enti\u00e8rement sur mesure pour s'adapter \u00e0 votre p\u00e9riode de stage \u00e0 Bruxelles! Des cours de 2 heures, Des modules de minimum 30 heures, Un test de niveau gratuit au d\u00e9but et \u00e0 la fin du cours, Un mat\u00e9riel adapt\u00e9, Du fran\u00e7ais g\u00e9n\u00e9ral ou du fran\u00e7ais sp\u00e9cialis\u00e9, Sur votre lieu de travail, Par groupes (au plus vous \u00eates, au plus le prix est int\u00e9ressant), Et \u00e0 des horaires flexibles","og_url":"https:\/\/ecoledelangues.be\/fr\/cours-de-francais-pour-les-stagiaires\/","og_site_name":"EcoleDeLangues.be","article_publisher":"https:\/\/www.facebook.com\/Ecoledelanguesbe\/","article_modified_time":"2017-07-13T12:26:37+00:00","og_image":[{"url":"https:\/\/ecoledelangues.be\/wp-content\/uploads\/2013\/01\/Summer-Interns.jpg","type":"","width":"","height":""}],"twitter_card":"summary_large_image","twitter_misc":{"Dur\u00e9e de lecture estim\u00e9e":"2 minutes"},"schema":{"@context":"https:\/\/schema.org","@graph":[{"@type":"WebPage","@id":"https:\/\/ecoledelangues.be\/fr\/cours-de-francais-pour-les-stagiaires\/","url":"https:\/\/ecoledelangues.be\/fr\/cours-de-francais-pour-les-stagiaires\/","name":"Cours de fran\u00e7ais pour stagiaires","isPartOf":{"@id":"https:\/\/ecoledelangues.be\/fr\/#website"},"primaryImageOfPage":{"@id":"https:\/\/ecoledelangues.be\/fr\/cours-de-francais-pour-les-stagiaires\/#primaryimage"},"image":{"@id":"https:\/\/ecoledelangues.be\/fr\/cours-de-francais-pour-les-stagiaires\/#primaryimage"},"thumbnailUrl":"https:\/\/ecoledelangues.be\/wp-content\/uploads\/2013\/01\/Summer-Interns.jpg","datePublished":"2012-11-17T12:41:50+00:00","dateModified":"2017-07-13T12:26:37+00:00","description":"Des cours de fran\u00e7ais enti\u00e8rement sur mesure pour s'adapter \u00e0 votre p\u00e9riode de stage \u00e0 Bruxelles! Des cours de 2 heures, Des modules de minimum 30 heures, Un test de niveau gratuit au d\u00e9but et \u00e0 la fin du cours, Un mat\u00e9riel adapt\u00e9, Du fran\u00e7ais g\u00e9n\u00e9ral ou du fran\u00e7ais sp\u00e9cialis\u00e9, Sur votre lieu de travail, Par groupes (au plus vous \u00eates, au plus le prix est int\u00e9ressant), Et \u00e0 des horaires flexibles","breadcrumb":{"@id":"https:\/\/ecoledelangues.be\/fr\/cours-de-francais-pour-les-stagiaires\/#breadcrumb"},"inLanguage":"fr-FR","potentialAction":[{"@type":"ReadAction","target":["https:\/\/ecoledelangues.be\/fr\/cours-de-francais-pour-les-stagiaires\/"]}]},{"@type":"ImageObject","inLanguage":"fr-FR","@id":"https:\/\/ecoledelangues.be\/fr\/cours-de-francais-pour-les-stagiaires\/#primaryimage","url":"https:\/\/ecoledelangues.be\/wp-content\/uploads\/2013\/01\/Summer-Interns.jpg","contentUrl":"https:\/\/ecoledelangues.be\/wp-content\/uploads\/2013\/01\/Summer-Interns.jpg"},{"@type":"BreadcrumbList","@id":"https:\/\/ecoledelangues.be\/fr\/cours-de-francais-pour-les-stagiaires\/#breadcrumb","itemListElement":[{"@type":"ListItem","position":1,"name":"Home","item":"https:\/\/ecoledelangues.be\/fr\/"},{"@type":"ListItem","position":2,"name":"Cours de fran\u00e7ais pour les stagiaires"}]},{"@type":"WebSite","@id":"https:\/\/ecoledelangues.be\/fr\/#website","url":"https:\/\/ecoledelangues.be\/fr\/","name":"EcoleDeLangues.be","description":"Ecole de langues - cours pour enfants ados et adultes - fran\u00e7ais anglais n\u00e9erlandais","publisher":{"@id":"https:\/\/ecoledelangues.be\/fr\/#organization"},"potentialAction":[{"@type":"SearchAction","target":{"@type":"EntryPoint","urlTemplate":"https:\/\/ecoledelangues.be\/fr\/?s={search_term_string}"},"query-input":{"@type":"PropertyValueSpecification","valueRequired":true,"valueName":"search_term_string"}}],"inLanguage":"fr-FR"},{"@type":"Organization","@id":"https:\/\/ecoledelangues.be\/fr\/#organization","name":"Ecoledelangues.be","alternateName":"Propulse ASBL","url":"https:\/\/ecoledelangues.be\/fr\/","logo":{"@type":"ImageObject","inLanguage":"fr-FR","@id":"https:\/\/ecoledelangues.be\/fr\/#\/schema\/logo\/image\/","url":"https:\/\/ecoledelangues.be\/wp-content\/uploads\/2025\/04\/une-monggolfiere-qui-seleve-dans-le-ciel-qui-quitte-le-sol-couleur-du-ballon-_-orange-ff6e22-et-3cccd6-et-blanc-1.jpg","contentUrl":"https:\/\/ecoledelangues.be\/wp-content\/uploads\/2025\/04\/une-monggolfiere-qui-seleve-dans-le-ciel-qui-quitte-le-sol-couleur-du-ballon-_-orange-ff6e22-et-3cccd6-et-blanc-1.jpg","width":1472,"height":832,"caption":"Ecoledelangues.be"},"image":{"@id":"https:\/\/ecoledelangues.be\/fr\/#\/schema\/logo\/image\/"},"sameAs":["https:\/\/www.facebook.com\/Ecoledelanguesbe\/","https:\/\/www.instagram.com\/ecoledelanguesbe\/","https:\/\/www.linkedin.com\/company\/ecoledelangues-be\/","https:\/\/www.youtube.com\/channel\/UCCDb1VptuozMO6q9MqgltPg"]}]}},"_links":{"self":[{"href":"https:\/\/ecoledelangues.be\/fr\/wp-json\/wp\/v2\/pages\/1242","targetHints":{"allow":["GET"]}}],"collection":[{"href":"https:\/\/ecoledelangues.be\/fr\/wp-json\/wp\/v2\/pages"}],"about":[{"href":"https:\/\/ecoledelangues.be\/fr\/wp-json\/wp\/v2\/types\/page"}],"author":[{"embeddable":true,"href":"https:\/\/ecoledelangues.be\/fr\/wp-json\/wp\/v2\/users\/2"}],"replies":[{"embeddable":true,"href":"https:\/\/ecoledelangues.be\/fr\/wp-json\/wp\/v2\/comments?post=1242"}],"version-history":[{"count":8,"href":"https:\/\/ecoledelangues.be\/fr\/wp-json\/wp\/v2\/pages\/1242\/revisions"}],"predecessor-version":[{"id":36634,"href":"https:\/\/ecoledelangues.be\/fr\/wp-json\/wp\/v2\/pages\/1242\/revisions\/36634"}],"wp:attachment":[{"href":"https:\/\/ecoledelangues.be\/fr\/wp-json\/wp\/v2\/media?parent=1242"}],"curies":[{"name":"wp","href":"https:\/\/api.w.org\/{rel}","templated":true}]}}